{"id":1764,"date":"2016-11-15T12:14:21","date_gmt":"2016-11-15T11:14:21","guid":{"rendered":"http:\/\/termetal.pl\/ru\/inwestycje\/inwestycja-cynkownia-kielce\/"},"modified":"2017-08-29T11:20:23","modified_gmt":"2017-08-29T09:20:23","slug":"inwestycja-cynkownia-kielce","status":"publish","type":"page","link":"https:\/\/termetal.pl\/ru\/inwestycje\/inwestycja-cynkownia-kielce\/","title":{"rendered":"\u0418\u043d\u0432\u0435\u0441\u0442\u0438\u0446\u0438\u0438 \u0417\u0430\u0432\u043e\u0434 \u0446\u0438\u043d\u043a\u043e\u0432\u0430\u043d\u0438\u044f \u041a\u0435\u043b\u044c\u0446\u0435"},"content":{"rendered":"<div id='gallery-1' class='gallery galleryid-1764 gallery-columns-4 gallery-size-big-gallery'><figure class='gallery-item'>\n\t\t\t<div class='gallery-icon landscape'>\n\t\t\t\t<a href='https:\/\/termetal.pl\/wp-content\/uploads\/2016\/11\/widok-1.jpg' title=\"\" data-rl_title=\"\" class=\"rl-gallery-link\" data-rl_caption=\"\" data-rel=\"lightbox-gallery-1\"><img loading=\"lazy\" decoding=\"async\" width=\"250\" height=\"250\" src=\"https:\/\/termetal.pl\/wp-content\/uploads\/2016\/11\/widok-1-250x250.jpg\" class=\"attachment-big-gallery size-big-gallery\" alt=\"\" srcset=\"https:\/\/termetal.pl\/wp-content\/uploads\/2016\/11\/widok-1-250x250.jpg 250w, https:\/\/termetal.pl\/wp-content\/uploads\/2016\/11\/widok-1-380x380.jpg 380w\" sizes=\"auto, (max-width: 250px) 100vw, 250px\" \/><\/a>\n\t\t\t<\/div><\/figure><figure class='gallery-item'>\n\t\t\t<div class='gallery-icon landscape'>\n\t\t\t\t<a href='https:\/\/termetal.pl\/wp-content\/uploads\/2016\/11\/widok-2.jpg' title=\"\" data-rl_title=\"\" class=\"rl-gallery-link\" data-rl_caption=\"\" data-rel=\"lightbox-gallery-1\"><img loading=\"lazy\" decoding=\"async\" width=\"250\" height=\"250\" src=\"https:\/\/termetal.pl\/wp-content\/uploads\/2016\/11\/widok-2-250x250.jpg\" class=\"attachment-big-gallery size-big-gallery\" alt=\"\" srcset=\"https:\/\/termetal.pl\/wp-content\/uploads\/2016\/11\/widok-2-250x250.jpg 250w, https:\/\/termetal.pl\/wp-content\/uploads\/2016\/11\/widok-2-380x380.jpg 380w\" sizes=\"auto, (max-width: 250px) 100vw, 250px\" \/><\/a>\n\t\t\t<\/div><\/figure><figure class='gallery-item'>\n\t\t\t<div class='gallery-icon landscape'>\n\t\t\t\t<a href='https:\/\/termetal.pl\/wp-content\/uploads\/2016\/11\/widok-3.jpg' title=\"\" data-rl_title=\"\" class=\"rl-gallery-link\" data-rl_caption=\"\" data-rel=\"lightbox-gallery-1\"><img loading=\"lazy\" decoding=\"async\" width=\"250\" height=\"250\" src=\"https:\/\/termetal.pl\/wp-content\/uploads\/2016\/11\/widok-3-250x250.jpg\" class=\"attachment-big-gallery size-big-gallery\" alt=\"\" srcset=\"https:\/\/termetal.pl\/wp-content\/uploads\/2016\/11\/widok-3-250x250.jpg 250w, https:\/\/termetal.pl\/wp-content\/uploads\/2016\/11\/widok-3-380x380.jpg 380w\" sizes=\"auto, (max-width: 250px) 100vw, 250px\" \/><\/a>\n\t\t\t<\/div><\/figure><figure class='gallery-item'>\n\t\t\t<div class='gallery-icon landscape'>\n\t\t\t\t<a href='https:\/\/termetal.pl\/wp-content\/uploads\/2016\/11\/widok-4.jpg' title=\"\" data-rl_title=\"\" class=\"rl-gallery-link\" data-rl_caption=\"\" data-rel=\"lightbox-gallery-1\"><img loading=\"lazy\" decoding=\"async\" width=\"250\" height=\"250\" src=\"https:\/\/termetal.pl\/wp-content\/uploads\/2016\/11\/widok-4-250x250.jpg\" class=\"attachment-big-gallery size-big-gallery\" alt=\"\" srcset=\"https:\/\/termetal.pl\/wp-content\/uploads\/2016\/11\/widok-4-250x250.jpg 250w, https:\/\/termetal.pl\/wp-content\/uploads\/2016\/11\/widok-4-380x380.jpg 380w\" sizes=\"auto, (max-width: 250px) 100vw, 250px\" \/><\/a>\n\t\t\t<\/div><\/figure>\n\t\t<\/div>\n\n<p>\u0417\u0430\u0432\u043e\u0434 \u0433\u043e\u0440\u044f\u0447\u0435\u0433\u043e \u0446\u0438\u043d\u043a\u043e\u0432\u0430\u043d\u0438\u044f \u041a\u0435\u043b\u044c\u0446\u0435 &#8211; \u043d\u043e\u0432\u0435\u0439\u0448\u0438\u0439 \u0437\u0430\u0432\u043e\u0434 \u0433\u0440\u0443\u043f\u043f\u044b Termetal, \u0441\u0442\u0440\u043e\u044f\u0449\u0438\u0439\u0441\u0435 \u0432 \u041e\u0441\u043e\u0431\u043e\u0439 \u044d\u043a\u043e\u043d\u043e\u043c\u0438\u0447\u0435\u0441\u043a\u043e\u0439 \u0437\u043e\u043d\u0435 \u0432\u0431\u043b\u0438\u0437\u0438 \u041a\u0435\u043b\u044c\u0446 (\u043c\u0435\u0436\u0434\u0443 \u041c\u043e\u0440\u0430\u0432\u0438\u0446\u0435\u0439 \u0438 \u0414\u0435\u043c\u0431\u0441\u043a\u043e\u0439 \u0432\u043e\u043b\u0435\u0439).<\/p>\n<p>W zak\u0142adzie zostanie zainstalowana linia do cynkowania ogniowego pozwalaj\u0105ca cynkowa\u0107 wyroby stalowe o d\u0142ugo\u015bci 13 m.<\/p>\n<p><span class=\"text_exposed_show\">\u0418\u043d\u0444\u0440\u0430\u0441\u0442\u0440\u0443\u043a\u0442\u0443\u0440\u0430 \u0437\u0430\u0432\u043e\u0434\u0430 \u0431\u044b\u043b\u0430 \u043e\u0441\u043d\u043e\u0432\u0430\u043d\u0430 \u043d\u0430 \u043c\u043d\u043e\u0433\u043e\u043b\u0435\u0442\u043d\u0435\u043c \u043e\u043f\u044b\u0442\u0435 \u0433\u0440\u0443\u043f\u043f\u044b Termetal \u0432 \u043e\u0431\u043b\u0430\u0441\u0442\u0438 \u043f\u0440\u0435\u0434\u043e\u0441\u0442\u0430\u0432\u043b\u0435\u043d\u0438\u044f \u0443\u0441\u043b\u0443\u0433 \u0433\u043e\u0440\u044f\u0447\u0435\u0433\u043e \u0446\u0438\u043d\u043a\u043e\u0432\u0430\u043d\u0438\u044f \u0432 \u043e\u0446\u0438\u043d\u043a\u043e\u0432\u043d\u0435 \u041f\u0438\u043b\u0430 \u0438 \u0432 \u0413\u0440\u0443\u0434\u0436\u0435\u043d\u0437\u0435.<br \/>\n\u041d\u0430\u0447\u0430\u043b\u043e \u0441\u0442\u0440\u043e\u0438\u0442\u0435\u043b\u044c\u0441\u0442\u0432\u0430 \u0437\u0430\u043f\u043b\u0430\u043d\u0438\u0440\u043e\u0432\u0430\u043d\u043e \u043d\u0430 \u043f\u0435\u0440\u0432\u044b\u0439 \u043a\u0432\u0430\u0440\u0442\u0430\u043b 2017 \u0433\u043e\u0434\u0430, \u0430 \u043d\u0430\u0447\u0430\u043b\u043e \u0443\u0441\u043b\u0443\u0433 \u0437\u0430\u043f\u043b\u0430\u043d\u0438\u0440\u043e\u0432\u0430\u043d\u043e \u043d\u0430 \u043f\u0435\u0440\u0432\u044b\u0439 \u043a\u0432\u0430\u0440\u0442\u0430\u043b 2018 \u0433\u043e\u0434\u0430.<br \/>\n<\/span><\/p>\n","protected":false},"excerpt":{"rendered":"<p>\u0417\u0430\u0432\u043e\u0434 \u0433\u043e\u0440\u044f\u0447\u0435\u0433\u043e \u0446\u0438\u043d\u043a\u043e\u0432\u0430\u043d\u0438\u044f \u041a\u0435\u043b\u044c\u0446\u0435 &#8211; \u043d\u043e\u0432\u0435\u0439\u0448\u0438\u0439 \u0437\u0430\u0432\u043e\u0434 \u0433\u0440\u0443\u043f\u043f\u044b Termetal, \u0441\u0442\u0440\u043e\u044f\u0449\u0438\u0439\u0441\u0435 \u0432 \u041e\u0441\u043e\u0431\u043e\u0439 \u044d\u043a\u043e\u043d\u043e\u043c\u0438\u0447\u0435\u0441\u043a\u043e\u0439 \u0437\u043e\u043d\u0435 \u0432\u0431\u043b\u0438\u0437\u0438 \u041a\u0435\u043b\u044c\u0446 (\u043c\u0435\u0436\u0434\u0443 \u041c\u043e\u0440\u0430\u0432\u0438\u0446\u0435\u0439 \u0438 \u0414\u0435\u043c\u0431\u0441\u043a\u043e\u0439 \u0432\u043e\u043b\u0435\u0439). W zak\u0142adzie zostanie zainstalowana linia do cynkowania ogniowego pozwalaj\u0105ca cynkowa\u0107 wyroby stalowe o d\u0142ugo\u015bci 13 m. \u0418\u043d\u0444\u0440\u0430\u0441\u0442\u0440\u0443\u043a\u0442\u0443\u0440\u0430 \u0437\u0430\u0432\u043e\u0434\u0430 \u0431\u044b\u043b\u0430 \u043e\u0441\u043d\u043e\u0432\u0430\u043d\u0430 \u043d\u0430 \u043c\u043d\u043e\u0433\u043e\u043b\u0435\u0442\u043d\u0435\u043c \u043e\u043f\u044b\u0442\u0435 \u0433\u0440\u0443\u043f\u043f\u044b Termetal \u0432 \u043e\u0431\u043b\u0430\u0441\u0442\u0438 \u043f\u0440\u0435\u0434\u043e\u0441\u0442\u0430\u0432\u043b\u0435\u043d\u0438\u044f \u0443\u0441\u043b\u0443\u0433 \u0433\u043e\u0440\u044f\u0447\u0435\u0433\u043e \u0446\u0438\u043d\u043a\u043e\u0432\u0430\u043d\u0438\u044f \u0432 \u043e\u0446\u0438\u043d\u043a\u043e\u0432\u043d\u0435 \u041f\u0438\u043b\u0430 [&hellip;]<\/p>\n","protected":false},"author":3,"featured_media":0,"parent":976,"menu_order":0,"comment_status":"open","ping_status":"open","template":"","meta":{"_acf_changed":false,"footnotes":""},"class_list":["post-1764","page","type-page","status-publish","hentry"],"acf":[],"yoast_head":"<!-- This site is optimized with the Yoast SEO plugin v27.3 - https:\/\/yoast.com\/product\/yoast-seo-wordpress\/ -->\n<title>\u0418\u043d\u0432\u0435\u0441\u0442\u0438\u0446\u0438\u0438 \u0417\u0430\u0432\u043e\u0434 \u0446\u0438\u043d\u043a\u043e\u0432\u0430\u043d\u0438\u044f \u041a\u0435\u043b\u044c\u0446\u0435 | TERMETAL<\/title>\n<meta name=\"robots\" content=\"index, follow, max-snippet:-1, max-image-preview:large, max-video-preview:-1\" \/>\n<link rel=\"canonical\" href=\"https:\/\/termetal.pl\/inwestycje\/inwestycja-pila_ii\/\" \/>\n<meta property=\"og:locale\" content=\"ru_RU\" \/>\n<meta property=\"og:type\" content=\"article\" \/>\n<meta property=\"og:title\" content=\"\u0418\u043d\u0432\u0435\u0441\u0442\u0438\u0446\u0438\u0438 \u0417\u0430\u0432\u043e\u0434 \u0446\u0438\u043d\u043a\u043e\u0432\u0430\u043d\u0438\u044f \u041a\u0435\u043b\u044c\u0446\u0435 | TERMETAL\" \/>\n<meta property=\"og:description\" content=\"\u0417\u0430\u0432\u043e\u0434 \u0433\u043e\u0440\u044f\u0447\u0435\u0433\u043e \u0446\u0438\u043d\u043a\u043e\u0432\u0430\u043d\u0438\u044f \u041a\u0435\u043b\u044c\u0446\u0435 &#8211; \u043d\u043e\u0432\u0435\u0439\u0448\u0438\u0439 \u0437\u0430\u0432\u043e\u0434 \u0433\u0440\u0443\u043f\u043f\u044b Termetal, \u0441\u0442\u0440\u043e\u044f\u0449\u0438\u0439\u0441\u0435 \u0432 \u041e\u0441\u043e\u0431\u043e\u0439 \u044d\u043a\u043e\u043d\u043e\u043c\u0438\u0447\u0435\u0441\u043a\u043e\u0439 \u0437\u043e\u043d\u0435 \u0432\u0431\u043b\u0438\u0437\u0438 \u041a\u0435\u043b\u044c\u0446 (\u043c\u0435\u0436\u0434\u0443 \u041c\u043e\u0440\u0430\u0432\u0438\u0446\u0435\u0439 \u0438 \u0414\u0435\u043c\u0431\u0441\u043a\u043e\u0439 \u0432\u043e\u043b\u0435\u0439). W zak\u0142adzie zostanie zainstalowana linia do cynkowania ogniowego pozwalaj\u0105ca cynkowa\u0107 wyroby stalowe o d\u0142ugo\u015bci 13 m. \u0418\u043d\u0444\u0440\u0430\u0441\u0442\u0440\u0443\u043a\u0442\u0443\u0440\u0430 \u0437\u0430\u0432\u043e\u0434\u0430 \u0431\u044b\u043b\u0430 \u043e\u0441\u043d\u043e\u0432\u0430\u043d\u0430 \u043d\u0430 \u043c\u043d\u043e\u0433\u043e\u043b\u0435\u0442\u043d\u0435\u043c \u043e\u043f\u044b\u0442\u0435 \u0433\u0440\u0443\u043f\u043f\u044b Termetal \u0432 \u043e\u0431\u043b\u0430\u0441\u0442\u0438 \u043f\u0440\u0435\u0434\u043e\u0441\u0442\u0430\u0432\u043b\u0435\u043d\u0438\u044f \u0443\u0441\u043b\u0443\u0433 \u0433\u043e\u0440\u044f\u0447\u0435\u0433\u043e \u0446\u0438\u043d\u043a\u043e\u0432\u0430\u043d\u0438\u044f \u0432 \u043e\u0446\u0438\u043d\u043a\u043e\u0432\u043d\u0435 \u041f\u0438\u043b\u0430 [&hellip;]\" \/>\n<meta property=\"og:url\" content=\"https:\/\/termetal.pl\/inwestycje\/inwestycja-pila_ii\/\" \/>\n<meta property=\"og:site_name\" content=\"TERMETAL\" \/>\n<meta property=\"article:modified_time\" content=\"2017-08-29T09:20:23+00:00\" \/>\n<meta property=\"og:image\" content=\"https:\/\/termetal.pl\/wp-content\/uploads\/2016\/11\/widok-1-250x250.jpg\" \/>\n<script type=\"application\/ld+json\" class=\"yoast-schema-graph\">{\"@context\":\"https:\\\/\\\/schema.org\",\"@graph\":[{\"@type\":\"WebPage\",\"@id\":\"https:\\\/\\\/termetal.pl\\\/inwestycje\\\/inwestycja-pila_ii\\\/\",\"url\":\"https:\\\/\\\/termetal.pl\\\/inwestycje\\\/inwestycja-pila_ii\\\/\",\"name\":\"\u0418\u043d\u0432\u0435\u0441\u0442\u0438\u0446\u0438\u0438 \u0417\u0430\u0432\u043e\u0434 \u0446\u0438\u043d\u043a\u043e\u0432\u0430\u043d\u0438\u044f \u041a\u0435\u043b\u044c\u0446\u0435 | TERMETAL\",\"isPartOf\":{\"@id\":\"https:\\\/\\\/termetal.pl\\\/ru\\\/#website\"},\"datePublished\":\"2016-11-15T11:14:21+00:00\",\"dateModified\":\"2017-08-29T09:20:23+00:00\",\"breadcrumb\":{\"@id\":\"https:\\\/\\\/termetal.pl\\\/inwestycje\\\/inwestycja-pila_ii\\\/#breadcrumb\"},\"inLanguage\":\"ru-RU\",\"potentialAction\":[{\"@type\":\"ReadAction\",\"target\":[\"https:\\\/\\\/termetal.pl\\\/inwestycje\\\/inwestycja-pila_ii\\\/\"]}]},{\"@type\":\"BreadcrumbList\",\"@id\":\"https:\\\/\\\/termetal.pl\\\/inwestycje\\\/inwestycja-pila_ii\\\/#breadcrumb\",\"itemListElement\":[{\"@type\":\"ListItem\",\"position\":1,\"name\":\"Strona g\u0142\u00f3wna\",\"item\":\"https:\\\/\\\/termetal.pl\\\/ru\\\/\"},{\"@type\":\"ListItem\",\"position\":2,\"name\":\"\u0418\u041d\u0412\u0415\u0421\u0422\u0418\u0426\u0418\u0418\",\"item\":\"https:\\\/\\\/termetal.pl\\\/inwestycje\\\/\"},{\"@type\":\"ListItem\",\"position\":3,\"name\":\"\u0418\u043d\u0432\u0435\u0441\u0442\u0438\u0446\u0438\u0438 \u0417\u0430\u0432\u043e\u0434 \u0446\u0438\u043d\u043a\u043e\u0432\u0430\u043d\u0438\u044f \u041a\u0435\u043b\u044c\u0446\u0435\"}]},{\"@type\":\"WebSite\",\"@id\":\"https:\\\/\\\/termetal.pl\\\/ru\\\/#website\",\"url\":\"https:\\\/\\\/termetal.pl\\\/ru\\\/\",\"name\":\"TERMETAL\",\"description\":\"termetal\",\"potentialAction\":[{\"@type\":\"SearchAction\",\"target\":{\"@type\":\"EntryPoint\",\"urlTemplate\":\"https:\\\/\\\/termetal.pl\\\/ru\\\/?s={search_term_string}\"},\"query-input\":{\"@type\":\"PropertyValueSpecification\",\"valueRequired\":true,\"valueName\":\"search_term_string\"}}],\"inLanguage\":\"ru-RU\"}]}<\/script>\n<!-- \/ Yoast SEO plugin. -->","yoast_head_json":{"title":"\u0418\u043d\u0432\u0435\u0441\u0442\u0438\u0446\u0438\u0438 \u0417\u0430\u0432\u043e\u0434 \u0446\u0438\u043d\u043a\u043e\u0432\u0430\u043d\u0438\u044f \u041a\u0435\u043b\u044c\u0446\u0435 | TERMETAL","robots":{"index":"index","follow":"follow","max-snippet":"max-snippet:-1","max-image-preview":"max-image-preview:large","max-video-preview":"max-video-preview:-1"},"canonical":"https:\/\/termetal.pl\/inwestycje\/inwestycja-pila_ii\/","og_locale":"ru_RU","og_type":"article","og_title":"\u0418\u043d\u0432\u0435\u0441\u0442\u0438\u0446\u0438\u0438 \u0417\u0430\u0432\u043e\u0434 \u0446\u0438\u043d\u043a\u043e\u0432\u0430\u043d\u0438\u044f \u041a\u0435\u043b\u044c\u0446\u0435 | TERMETAL","og_description":"\u0417\u0430\u0432\u043e\u0434 \u0433\u043e\u0440\u044f\u0447\u0435\u0433\u043e \u0446\u0438\u043d\u043a\u043e\u0432\u0430\u043d\u0438\u044f \u041a\u0435\u043b\u044c\u0446\u0435 &#8211; \u043d\u043e\u0432\u0435\u0439\u0448\u0438\u0439 \u0437\u0430\u0432\u043e\u0434 \u0433\u0440\u0443\u043f\u043f\u044b Termetal, \u0441\u0442\u0440\u043e\u044f\u0449\u0438\u0439\u0441\u0435 \u0432 \u041e\u0441\u043e\u0431\u043e\u0439 \u044d\u043a\u043e\u043d\u043e\u043c\u0438\u0447\u0435\u0441\u043a\u043e\u0439 \u0437\u043e\u043d\u0435 \u0432\u0431\u043b\u0438\u0437\u0438 \u041a\u0435\u043b\u044c\u0446 (\u043c\u0435\u0436\u0434\u0443 \u041c\u043e\u0440\u0430\u0432\u0438\u0446\u0435\u0439 \u0438 \u0414\u0435\u043c\u0431\u0441\u043a\u043e\u0439 \u0432\u043e\u043b\u0435\u0439). W zak\u0142adzie zostanie zainstalowana linia do cynkowania ogniowego pozwalaj\u0105ca cynkowa\u0107 wyroby stalowe o d\u0142ugo\u015bci 13 m. \u0418\u043d\u0444\u0440\u0430\u0441\u0442\u0440\u0443\u043a\u0442\u0443\u0440\u0430 \u0437\u0430\u0432\u043e\u0434\u0430 \u0431\u044b\u043b\u0430 \u043e\u0441\u043d\u043e\u0432\u0430\u043d\u0430 \u043d\u0430 \u043c\u043d\u043e\u0433\u043e\u043b\u0435\u0442\u043d\u0435\u043c \u043e\u043f\u044b\u0442\u0435 \u0433\u0440\u0443\u043f\u043f\u044b Termetal \u0432 \u043e\u0431\u043b\u0430\u0441\u0442\u0438 \u043f\u0440\u0435\u0434\u043e\u0441\u0442\u0430\u0432\u043b\u0435\u043d\u0438\u044f \u0443\u0441\u043b\u0443\u0433 \u0433\u043e\u0440\u044f\u0447\u0435\u0433\u043e \u0446\u0438\u043d\u043a\u043e\u0432\u0430\u043d\u0438\u044f \u0432 \u043e\u0446\u0438\u043d\u043a\u043e\u0432\u043d\u0435 \u041f\u0438\u043b\u0430 [&hellip;]","og_url":"https:\/\/termetal.pl\/inwestycje\/inwestycja-pila_ii\/","og_site_name":"TERMETAL","article_modified_time":"2017-08-29T09:20:23+00:00","og_image":[{"url":"https:\/\/termetal.pl\/wp-content\/uploads\/2016\/11\/widok-1-250x250.jpg","type":"","width":"","height":""}],"schema":{"@context":"https:\/\/schema.org","@graph":[{"@type":"WebPage","@id":"https:\/\/termetal.pl\/inwestycje\/inwestycja-pila_ii\/","url":"https:\/\/termetal.pl\/inwestycje\/inwestycja-pila_ii\/","name":"\u0418\u043d\u0432\u0435\u0441\u0442\u0438\u0446\u0438\u0438 \u0417\u0430\u0432\u043e\u0434 \u0446\u0438\u043d\u043a\u043e\u0432\u0430\u043d\u0438\u044f \u041a\u0435\u043b\u044c\u0446\u0435 | TERMETAL","isPartOf":{"@id":"https:\/\/termetal.pl\/ru\/#website"},"datePublished":"2016-11-15T11:14:21+00:00","dateModified":"2017-08-29T09:20:23+00:00","breadcrumb":{"@id":"https:\/\/termetal.pl\/inwestycje\/inwestycja-pila_ii\/#breadcrumb"},"inLanguage":"ru-RU","potentialAction":[{"@type":"ReadAction","target":["https:\/\/termetal.pl\/inwestycje\/inwestycja-pila_ii\/"]}]},{"@type":"BreadcrumbList","@id":"https:\/\/termetal.pl\/inwestycje\/inwestycja-pila_ii\/#breadcrumb","itemListElement":[{"@type":"ListItem","position":1,"name":"Strona g\u0142\u00f3wna","item":"https:\/\/termetal.pl\/ru\/"},{"@type":"ListItem","position":2,"name":"\u0418\u041d\u0412\u0415\u0421\u0422\u0418\u0426\u0418\u0418","item":"https:\/\/termetal.pl\/inwestycje\/"},{"@type":"ListItem","position":3,"name":"\u0418\u043d\u0432\u0435\u0441\u0442\u0438\u0446\u0438\u0438 \u0417\u0430\u0432\u043e\u0434 \u0446\u0438\u043d\u043a\u043e\u0432\u0430\u043d\u0438\u044f \u041a\u0435\u043b\u044c\u0446\u0435"}]},{"@type":"WebSite","@id":"https:\/\/termetal.pl\/ru\/#website","url":"https:\/\/termetal.pl\/ru\/","name":"TERMETAL","description":"termetal","potentialAction":[{"@type":"SearchAction","target":{"@type":"EntryPoint","urlTemplate":"https:\/\/termetal.pl\/ru\/?s={search_term_string}"},"query-input":{"@type":"PropertyValueSpecification","valueRequired":true,"valueName":"search_term_string"}}],"inLanguage":"ru-RU"}]}},"_links":{"self":[{"href":"https:\/\/termetal.pl\/ru\/wp-json\/wp\/v2\/pages\/1764","targetHints":{"allow":["GET"]}}],"collection":[{"href":"https:\/\/termetal.pl\/ru\/wp-json\/wp\/v2\/pages"}],"about":[{"href":"https:\/\/termetal.pl\/ru\/wp-json\/wp\/v2\/types\/page"}],"author":[{"embeddable":true,"href":"https:\/\/termetal.pl\/ru\/wp-json\/wp\/v2\/users\/3"}],"replies":[{"embeddable":true,"href":"https:\/\/termetal.pl\/ru\/wp-json\/wp\/v2\/comments?post=1764"}],"version-history":[{"count":3,"href":"https:\/\/termetal.pl\/ru\/wp-json\/wp\/v2\/pages\/1764\/revisions"}],"predecessor-version":[{"id":2347,"href":"https:\/\/termetal.pl\/ru\/wp-json\/wp\/v2\/pages\/1764\/revisions\/2347"}],"up":[{"embeddable":true,"href":"https:\/\/termetal.pl\/ru\/wp-json\/wp\/v2\/pages\/976"}],"wp:attachment":[{"href":"https:\/\/termetal.pl\/ru\/wp-json\/wp\/v2\/media?parent=1764"}],"curies":[{"name":"wp","href":"https:\/\/api.w.org\/{rel}","templated":true}]}}