{"id":1051,"date":"2015-04-01T15:15:55","date_gmt":"2015-04-01T13:15:55","guid":{"rendered":"http:\/\/termetal.pl\/ru\/polityka-cookies\/"},"modified":"2023-12-01T11:09:31","modified_gmt":"2023-12-01T10:09:31","slug":"polityka-cookies","status":"publish","type":"page","link":"https:\/\/termetal.pl\/ru\/polityka-cookies\/","title":{"rendered":"Polityka Cookies \/ Polityka prywatno\u015bci"},"content":{"rendered":"<table style=\"height: 2438px;\" width=\"1292\">\n<tbody>\n<tr>\n<td width=\"302\">\n<p style=\"text-align: center;\"><strong>Polityka Cookies<\/strong><\/p>\n<ol>\n<li>Niniejsza Polityka Cookies okre\u015bla zasady przechowywania i dost\u0119pu do informacji na urz\u0105dzeniach U\u017cytkownika za pomoc\u0105 plik\u00f3w Cookies, s\u0142u\u017c\u0105cych realizacji us\u0142ug \u015bwiadczonych drog\u0105 elektroniczn\u0105 \u017c\u0105danych przez Termetal Piotr Glaner Sp.k. w Pile przy ul. Cynkowniczej 8.<\/li>\n<\/ol>\n<ul>\n<li><strong>1 Definicje<\/strong><\/li>\n<\/ul>\n<ol>\n<li><strong>Administrator<\/strong> \u2013 oznacza <strong>Termetal Piotr Glaner Sp.k.<\/strong> z siedzib\u0105 w Pile przy ul. Cynkowniczej 8, NIP: 592-16-36-623, Regon: 191332099, kt\u00f3ry \u015bwiadczy us\u0142ugi drog\u0105 elektroniczn\u0105 oraz przechowuje i uzyskuje dost\u0119p do informacji w urz\u0105dzeniach U\u017cytkownika.<\/li>\n<li><strong>Cookies<\/strong>\u2013 oznacza dane informatyczne, w\u00a0szczeg\u00f3lno\u015bci niewielkie pliki tekstowe, zapisywane i\u00a0przechowywane na urz\u0105dzeniach za po\u015brednictwem kt\u00f3rych U\u017cytkownik korzysta ze stron internetowych Serwisu.<\/li>\n<li><strong>Cookies Administratora<\/strong>\u2013 oznacza Cookies zamieszczane przez Administratora, zwi\u0105zane ze \u015bwiadczeniem us\u0142ug droga elektroniczn\u0105 przez Administratora za po\u015brednictwem Serwisu.<\/li>\n<li><strong>Cookies Zewn\u0119trzne<\/strong>\u2013 oznacza Cookies zamieszczane przez partner\u00f3w Administratora, za po\u015brednictwem strony internetowej Serwisu.<\/li>\n<li><strong>Serwis<\/strong>\u2013 oznacza stron\u0119 internetow\u0105, pod kt\u00f3r\u0105 Administrator prowadzi serwis internetowy, dzia\u0142aj\u0105c\u0105 w\u00a0domenie www.termetal.pl.<\/li>\n<li><strong>Urz\u0105dzenie<\/strong>\u2013 oznacza elektroniczne urz\u0105dzenie za po\u015brednictwem, kt\u00f3rego U\u017cytkownik uzyskuje dost\u0119p do stron internetowych Serwisu.<\/li>\n<li><strong>U\u017cytkownik<\/strong>\u2013 oznacza podmiot, na rzecz kt\u00f3rego zgodnie z\u00a0Regulaminem i\u00a0przepisami prawa mog\u0105 by\u0107 \u015bwiadczone us\u0142ugi drog\u0105 elektroniczn\u0105 lub z\u00a0kt\u00f3rym zawarta mo\u017ce by\u0107 Umowa o\u00a0\u015bwiadczenie us\u0142ug drog\u0105 elektroniczn\u0105.<strong>\u00a0<\/strong><\/li>\n<\/ol>\n<ul>\n<li><strong>2 Rodzaje wykorzystywanych Cookies<\/strong><\/li>\n<\/ul>\n<ol>\n<li>Stosowane przez Administratora Cookies s\u0105 bezpieczne dla Urz\u0105dzenia U\u017cytkownika. W\u00a0szczeg\u00f3lno\u015bci t\u0105 drog\u0105 nie jest mo\u017cliwe przedostanie si\u0119 do Urz\u0105dze\u0144 U\u017cytkownik\u00f3w wirus\u00f3w lub innego niechcianego oprogramowania lub oprogramowania z\u0142o\u015bliwego. Pliki te pozwalaj\u0105 zidentyfikowa\u0107 oprogramowanie wykorzystywane przez U\u017cytkownika i\u00a0dostosowa\u0107 Serwis indywidualnie ka\u017cdemu U\u017cytkownikowi. Cookies zazwyczaj zawieraj\u0105 nazw\u0119 domeny z\u00a0kt\u00f3rej pochodz\u0105, czas przechowywania ich na Urz\u0105dzeniu oraz przypisan\u0105 warto\u015b\u0107.<\/li>\n<li>Administrator wykorzystuje dwa typy plik\u00f3w cookies:<\/li>\n<li>a)\u00a0<strong>Cookies trwa\u0142e<\/strong>: s\u0105 przechowywane na Urz\u0105dzeniu U\u017cytkownika i\u00a0pozostaj\u0105 tam do momentu ich skasowania. Zako\u0144czenie sesji danej przegl\u0105darki lub wy\u0142\u0105czenie Urz\u0105dzenia nie powoduje ich usuni\u0119cia z\u00a0Urz\u0105dzenia U\u017cytkownika. Mechanizm cookies trwa\u0142ych nie pozwala na pobieranie jakichkolwiek danych osobowych ani \u017cadnych informacji poufnych z\u00a0Urz\u0105dzenia U\u017cytkownika.<\/li>\n<li>b)\u00a0<strong>Cookies sesyjne<\/strong>: s\u0105 przechowywane na Urz\u0105dzeniu U\u017cytkownika i\u00a0pozostaj\u0105 tam do momentu zako\u0144czenia sesji danej przegl\u0105darki. Zapisane informacje s\u0105 w\u00f3wczas trwale usuwane z\u00a0pami\u0119ci Urz\u0105dzenia. Mechanizm cookies sesyjnych nie pozwala na pobieranie jakichkolwiek danych osobowych ani \u017cadnych informacji poufnych z\u00a0Urz\u0105dzenia U\u017cytkownika.<\/li>\n<li>U\u017cytkownik ma mo\u017cliwo\u015b\u0107 ograniczenia lub wy\u0142\u0105czenia dost\u0119pu plik\u00f3w cookies do swojego Urz\u0105dzenia. W\u00a0przypadku skorzystania z\u00a0tej opcji korzystanie ze Serwisu b\u0119dzie mo\u017cliwe, poza funkcjami, kt\u00f3re ze swojej natury wymagaj\u0105 plik\u00f3w cookies.<\/li>\n<\/ol>\n<ul>\n<li><strong>3 Cele w\u00a0jakich wykorzystywane s\u0105 Cookies<\/strong><\/li>\n<\/ul>\n<ol>\n<li>Administrator us\u0142ugi wykorzystuje Cookies zewn\u0119trzne w\u00a0celu prezentowania tre\u015bci multimedialnych na stronach internetowych Serwisu, kt\u00f3re s\u0105 pobierane z\u00a0zewn\u0119trznego serwisu internetowego www.vimeo.com (administator cookies zewn\u0119trznego: Vimeo, LLC. z\u00a0siedzib\u0105 w\u00a0USA).<\/li>\n<li>Administrator us\u0142ugi wykorzystuje Cookies zewn\u0119trzne w\u00a0celu zbierania og\u00f3lnych i\u00a0anonimowych danych statycznych za po\u015brednictwem narz\u0119dzi analitycznych Google Analytics (administrator cookies zewn\u0119trznego: Google Inc z\u00a0siedzib\u0105 w\u00a0USA).<\/li>\n<li>Administrator us\u0142ugi wykorzystuje Cookies zewn\u0119trzne w celu zbierania og\u00f3lnych i anonimowych danych do realizacji akcji reklamowych za po\u015brednictwem list remarketingowych w systemie reklamowym Google AdWords (administrator cookies zewn\u0119trznego Google Inc \u2013 z siedzib\u0105 w USA). U\u017cytkownicy odwiedzaj\u0105cy stron\u0119 g\u0142\u00f3wn\u0105 i podstrony Serwisu \u2013 dodawani s\u0105 do list remarketingowych, kt\u00f3re pozwalaj\u0105 prezentowa\u0107 im tre\u015bci reklamowe w sieci wyszukiwania i w sieci reklamowej Google. U\u017cytkownik jest aktywny na li\u015bcie remarketingowej prze okres od 45 do 90 dni.<\/li>\n<li>Administrator us\u0142ugi wykorzystuje Cookies zewn\u0119trzne w\u00a0celu popularyzacji serwisu za pomoc\u0105 serwis\u00f3w spo\u0142eczno\u015bciowych Facebook.com (administrator cookies zewn\u0119trznego: Facebook Inc z\u00a0siedzib\u0105 w\u00a0USA lub Facebook Ireland z\u00a0siedzib\u0105 w\u00a0Irlandii).<\/li>\n<\/ol>\n<ul>\n<li><strong>4 Mo\u017cliwo\u015bci okre\u015blenia warunk\u00f3w przechowywania lub uzyskiwania dost\u0119pu przez Cookies<\/strong><\/li>\n<\/ul>\n<ol>\n<li>U\u017cytkownik mo\u017ce samodzielnie i\u00a0w ka\u017cdym czasie zmieni\u0107 ustawienia dotycz\u0105ce plik\u00f3w Cookies, okre\u015blaj\u0105c warunki ich przechowywania i\u00a0uzyskiwania dost\u0119pu przez pliki Cookies do Urz\u0105dzenia U\u017cytkownika. Zmiany ustawie\u0144, o\u00a0kt\u00f3rych mowa w\u00a0zdaniu poprzednim, U\u017cytkownik mo\u017ce dokona\u0107 za pomoc\u0105 ustawie\u0144 przegl\u0105darki internetowej lub za pomoc\u0105 konfiguracji us\u0142ugi. Ustawienia te mog\u0105 zosta\u0107 zmienione w\u00a0szczeg\u00f3lno\u015bci w\u00a0taki spos\u00f3b, aby blokowa\u0107 automatyczn\u0105 obs\u0142ug\u0119 plik\u00f3w cookies w\u00a0ustawieniach przegl\u0105darki internetowej b\u0105d\u017a informowa\u0107 o\u00a0ich ka\u017cdorazowym zamieszczeniu Cookies na urz\u0105dzeniu U\u017cytkownika. Szczeg\u00f3\u0142owe informacje o\u00a0mo\u017cliwo\u015bci i\u00a0sposobach obs\u0142ugi plik\u00f3w cookies dost\u0119pne s\u0105 w\u00a0ustawieniach oprogramowania (przegl\u0105darki internetowej).<\/li>\n<\/ol>\n<p>Poni\u017cej przedstawiamy jak mo\u017cna zmieni\u0107 ustawienia przegl\u0105darek internetowych w\u00a0zakresie stosowania plik\u00f3w cookies:<\/p>\n<ol>\n<li>a) Przegl\u0105darka\u00a0<a href=\"http:\/\/windows.microsoft.com\/pl-PL\/windows7\/How-to-manage-cookies-in-Internet-Explorer-9\">Internet Explorer<\/a><\/li>\n<li>b) Przegl\u0105darka\u00a0<a href=\"http:\/\/support.mozilla.org\/pl\/kb\/ciasteczka\">Mozilla FireFox<\/a><\/li>\n<li>c) Przegl\u0105darka\u00a0<a href=\"http:\/\/support.google.com\/chrome\/bin\/answer.py?hl=pl&amp;answer=95647\">Chrome<\/a><\/li>\n<li>d) Przegl\u0105darka\u00a0<a href=\"http:\/\/support.apple.com\/kb\/HT1677?viewlocale=pl_PL&amp;locale=pl_PL\">Safari<\/a><\/li>\n<li>e) Przegl\u0105darka\u00a0<a href=\"http:\/\/help.opera.com\/Linux\/9.22\/pl\/cookies.html\">Opera<\/a><\/li>\n<li>U\u017cytkownik mo\u017ce w\u00a0ka\u017cdej chwili usun\u0105\u0107 pliki Cookies korzystaj\u0105c z\u00a0dost\u0119pnych funkcji w\u00a0przegl\u0105darce internetowej, kt\u00f3rej u\u017cywa.<\/li>\n<\/ol>\n<p>3. Ograniczenie stosowania plik\u00f3w Cookies, mo\u017ce wp\u0142yn\u0105\u0107 na niekt\u00f3re funkcjonalno\u015bci dost\u0119pne na stronie internetowej Serwisu.<\/td>\n<td width=\"302\">\n<p style=\"text-align: center;\"><strong>Polityka prywatno\u015bci<\/strong><\/p>\n<p>Informacje dotycz\u0105ce przetwarzania danych osobowych<\/p>\n<p><strong>Administrator danych:<\/strong><\/p>\n<p>Termetal Piotr Glaner sp.k., NIP 592-16-36-623, REGON 191332099<\/p>\n<p><strong>Dane kontaktowe<\/strong><\/p>\n<p>Z administratorem danych mo\u017cesz kontaktowa\u0107 si\u0119 za po\u015brednictwem adresu email: <a href=\"mailto:iod@termetal.pl\">iod@termetal.pl<\/a>, lub pisemnie na nast\u0119puj\u0105cy adres: Cynkownicza8, 64-920 Pi\u0142a.<\/p>\n<p><strong><em>Cele przetwarzania oraz podstawa prawna przetwarzania<\/em><\/strong><\/p>\n<p>Twoje dane b\u0119d\u0105 przetwarzane w celu:<\/p>\n<ul>\n<li>Zawarcia i wykonania umowy oraz \u015bwiadczenia us\u0142ug zgodnie z umow\u0105 \u2013 podstaw\u0105 prawn\u0105 przetwarzania jest niezb\u0119dno\u015b\u0107 przetwarzania danych do zawarcia i<\/li>\n<\/ul>\n<p>wykonywania umowy (art. 6 ust. 1 lit. b) RODO),<\/p>\n<ul>\n<li>Wype\u0142nienia obowi\u0105zku prawnego ci\u0105\u017c\u0105cym na administratorze ( art. 6 ust. 1 lit c)<\/li>\n<li>ewentualnie w celu dochodzenia roszcze\u0144 zwi\u0105zanych z zawart\u0105 umow\u0105 \/ \u015bwiadczonymi us\u0142ugami\u2013 podstaw\u0105 prawn\u0105 przetwarzania danych jest niezb\u0119dno\u015b\u0107 przetwarzania do realizacji prawnie uzasadnionego interesu administratora; uzasadnionym interesem administratora jest mo\u017cliwo\u015b\u0107 dochodzenia przez niego roszcze\u0144 (art. 6 ust. 1 lit. f) RODO),<\/li>\n<\/ul>\n<ul>\n<li>wysy\u0142ania newslettera o promocjach i produktach oferowanych przez Administratora, o ile wyrazisz na to zgod\u0119 \u2013 podstaw\u0105 prawn\u0105 przetwarzania jest zgoda (art. 6 ust. 1 pkt a) RODO).<\/li>\n<\/ul>\n<ul>\n<li>Tworzenia zestawie\u0144, analizy i statystyki, w tym obrotu i sprzeda\u017cy na potrzeby wewn\u0119trzne<\/li>\n<li>Dokonania weryfikacji wiarygodno\u015bci p\u0142atniczej kontrahenta<\/li>\n<li>Archiwizacji<\/li>\n<li>Marketingu bezpo\u015bredniego<\/li>\n<li>Wype\u0142nienia obowi\u0105zku wynikaj\u0105cego z umowy w zakresie transportu zam\u00f3wionego towaru lub wykonanej us\u0142ugi<\/li>\n<\/ul>\n<p><strong>Okres przez kt\u00f3ry dane b\u0119d\u0105 przechowywane<\/strong><\/p>\n<ul>\n<li>Dane osobowe b\u0119d\u0105 przechowywane przez czas niezb\u0119dny do osi\u0105gni\u0119cia celu przetwarzania. Po osi\u0105gni\u0119ciu celu , dane osobowe s\u0105 archiwizowane zgodnie z obowi\u0105zuj\u0105cymi przepisami prawa,<\/li>\n<li>uwagi na ustawowe okresy przedawnienia roszcze\u0144 cywilnoprawnych oraz okres przedawnienia roszcze\u0144 publicznoprawnych, dane osobowe usuwane s\u0105 po up\u0142ywie 10 lat licz\u0105c od ko\u0144ca roku, w kt\u00f3rym zrealizowany zosta\u0142 cel przetwarzania danych<\/li>\n<li>Dane podane w celu wysy\u0142ania newslettera o produktach i us\u0142ugach oferowanych przez Administratora b\u0119d\u0105 przetwarzane do momentu wycofania zgody.<\/li>\n<\/ul>\n<p><strong>Odbiorcy danych<\/strong><\/p>\n<p>Twoje dane mog\u0105 by\u0107 przekazywane podmiotom przetwarzaj\u0105cym dane osobowe na zlecenie administratora, w tym : dostawcom us\u0142ug IT, us\u0142ug ksi\u0119gowych \u2013 przy czym takie podmioty przetwarzaj\u0105 dane na podstawie umowy z administratorem i wy\u0142\u0105cznie zgodnie z poleceniami administratora, firmom windykacyjnym, bankom, operatorom obs\u0142uguj\u0105cym p\u0142atno\u015bci bankowe, system rejestracji zwrot\u00f3w i reklamacji , operatorom pocztowym, firmom kurierskim, agencji celnej, us\u0142ug BHP, us\u0142ug z zakresu ochrony \u015brodowiska, ubezpieczycielom nale\u017cno\u015bci oraz mienia, dane osobowe mog\u0105 by\u0107 przekazywane do podmiot\u00f3w trzecich nale\u017c\u0105cych do Grupy TERMETAL w celu wykonania zawartej umowy oraz marketingu bezpo\u015bredniego.<\/p>\n<p><strong>Prawa osoby, kt\u00f3rej dane dotycz\u0105<\/strong><\/p>\n<p>Przys\u0142uguje Ci prawo dost\u0119pu do danych oraz prawo \u017c\u0105dania ich sprostowania, usuni\u0119cia, ograniczenia przetwarzania. W zakresie, w jakim podstaw\u0105 przetwarzania Twoich danych osobowych jest przes\u0142anka prawnie uzasadnionego interesu administratora, przys\u0142uguje Ci prawo wniesienia sprzeciwu wobec ich przetwarzania.<\/p>\n<p>W zakresie, w jakim Twoje dane s\u0105 przetwarzane w celu zawarcia i wykonywania umowy \/ \u015bwiadczenia us\u0142ug oraz dane przetwarzane s\u0105 na podstawie zgody \u2013 przys\u0142uguje Ci tak\u017ce prawo do przenoszenia danych osobowych.<\/p>\n<p>W zakresie, w jakim Twoje dane s\u0105 przetwarzane w celu wysy\u0142ania newslettera o produktach i us\u0142ugach oferowanych przez Administratora, przys\u0142uguje Ci prawo do cofni\u0119cia zgody w ka\u017cdym czasie. Wycofanie zgody nie ma wp\u0142ywu na zgodno\u015b\u0107 z prawem przetwarzania, kt\u00f3rego dokonano na podstawie zgody przed jej wycofaniem.<\/p>\n<p>W przypadku sprzeciwu prosimy o tak\u0105 informacj\u0119 na adres e-mail: rodo-zwm@termetal.pl<\/p>\n<p>Przys\u0142uguje Ci r\u00f3wnie\u017c prawo wniesienia skargi do organu nadzorczego zajmuj\u0105cego si\u0119 ochron\u0105 danych osobowych.<\/p>\n<p>Informacja o dobrowolno\u015bci podania danych<\/p>\n<p>Podanie danych osobowych w zwi\u0105zku z zawieran\u0105 umow\u0105 \/ \u015bwiadczonymi na jej podstawie us\u0142ugami jest dobrowolne, lecz bez podania danych osobowych, nie jest mo\u017cliwe zawarcie umowy \/wykonania us\u0142ugi.<\/p>\n<p>Podanie danych osobowych w celu wysy\u0142ania newsletteru o produktach i us\u0142ugach oferowanych przez Administratora jest dobrowolne.<\/td>\n<\/tr>\n<\/tbody>\n<\/table>\n","protected":false},"excerpt":{"rendered":"<p>Polityka Cookies Niniejsza Polityka Cookies okre\u015bla zasady przechowywania i dost\u0119pu do informacji na urz\u0105dzeniach U\u017cytkownika za pomoc\u0105 plik\u00f3w Cookies, s\u0142u\u017c\u0105cych realizacji us\u0142ug \u015bwiadczonych drog\u0105 elektroniczn\u0105 \u017c\u0105danych przez Termetal Piotr Glaner Sp.k. w Pile przy ul. Cynkowniczej 8. 1 Definicje Administrator \u2013 oznacza Termetal Piotr Glaner Sp.k. z siedzib\u0105 w Pile przy ul. Cynkowniczej 8, NIP: [&hellip;]<\/p>\n","protected":false},"author":1,"featured_media":0,"parent":0,"menu_order":0,"comment_status":"open","ping_status":"open","template":"","meta":{"_acf_changed":false,"footnotes":""},"class_list":["post-1051","page","type-page","status-publish","hentry"],"acf":[],"yoast_head":"<!-- This site is optimized with the Yoast SEO plugin v27.5 - https:\/\/yoast.com\/product\/yoast-seo-wordpress\/ -->\n<title>Polityka Cookies \/ Polityka prywatno\u015bci | TERMETAL<\/title>\n<meta name=\"robots\" content=\"index, follow, max-snippet:-1, max-image-preview:large, max-video-preview:-1\" \/>\n<link rel=\"canonical\" href=\"https:\/\/termetal.pl\/ru\/polityka-cookies\/\" \/>\n<meta property=\"og:locale\" content=\"ru_RU\" \/>\n<meta property=\"og:type\" content=\"article\" \/>\n<meta property=\"og:title\" content=\"Polityka Cookies \/ Polityka prywatno\u015bci | TERMETAL\" \/>\n<meta property=\"og:description\" content=\"Polityka Cookies Niniejsza Polityka Cookies okre\u015bla zasady przechowywania i dost\u0119pu do informacji na urz\u0105dzeniach U\u017cytkownika za pomoc\u0105 plik\u00f3w Cookies, s\u0142u\u017c\u0105cych realizacji us\u0142ug \u015bwiadczonych drog\u0105 elektroniczn\u0105 \u017c\u0105danych przez Termetal Piotr Glaner Sp.k. w Pile przy ul. Cynkowniczej 8. 1 Definicje Administrator \u2013 oznacza Termetal Piotr Glaner Sp.k. z siedzib\u0105 w Pile przy ul. Cynkowniczej 8, NIP: [&hellip;]\" \/>\n<meta property=\"og:url\" content=\"https:\/\/termetal.pl\/ru\/polityka-cookies\/\" \/>\n<meta property=\"og:site_name\" content=\"TERMETAL\" \/>\n<meta property=\"article:modified_time\" content=\"2023-12-01T10:09:31+00:00\" \/>\n<meta name=\"twitter:label1\" content=\"Est. reading time\" \/>\n\t<meta name=\"twitter:data1\" content=\"8 minutes\" \/>\n<script type=\"application\/ld+json\" class=\"yoast-schema-graph\">{\"@context\":\"https:\\\/\\\/schema.org\",\"@graph\":[{\"@type\":\"WebPage\",\"@id\":\"https:\\\/\\\/termetal.pl\\\/ru\\\/polityka-cookies\\\/\",\"url\":\"https:\\\/\\\/termetal.pl\\\/ru\\\/polityka-cookies\\\/\",\"name\":\"Polityka Cookies \\\/ Polityka prywatno\u015bci | TERMETAL\",\"isPartOf\":{\"@id\":\"https:\\\/\\\/termetal.pl\\\/ru\\\/#website\"},\"datePublished\":\"2015-04-01T13:15:55+00:00\",\"dateModified\":\"2023-12-01T10:09:31+00:00\",\"breadcrumb\":{\"@id\":\"https:\\\/\\\/termetal.pl\\\/ru\\\/polityka-cookies\\\/#breadcrumb\"},\"inLanguage\":\"ru-RU\",\"potentialAction\":[{\"@type\":\"ReadAction\",\"target\":[\"https:\\\/\\\/termetal.pl\\\/ru\\\/polityka-cookies\\\/\"]}]},{\"@type\":\"BreadcrumbList\",\"@id\":\"https:\\\/\\\/termetal.pl\\\/ru\\\/polityka-cookies\\\/#breadcrumb\",\"itemListElement\":[{\"@type\":\"ListItem\",\"position\":1,\"name\":\"Strona g\u0142\u00f3wna\",\"item\":\"https:\\\/\\\/termetal.pl\\\/ru\\\/\"},{\"@type\":\"ListItem\",\"position\":2,\"name\":\"Polityka Cookies \\\/ Polityka prywatno\u015bci\"}]},{\"@type\":\"WebSite\",\"@id\":\"https:\\\/\\\/termetal.pl\\\/ru\\\/#website\",\"url\":\"https:\\\/\\\/termetal.pl\\\/ru\\\/\",\"name\":\"TERMETAL\",\"description\":\"termetal\",\"potentialAction\":[{\"@type\":\"SearchAction\",\"target\":{\"@type\":\"EntryPoint\",\"urlTemplate\":\"https:\\\/\\\/termetal.pl\\\/ru\\\/?s={search_term_string}\"},\"query-input\":{\"@type\":\"PropertyValueSpecification\",\"valueRequired\":true,\"valueName\":\"search_term_string\"}}],\"inLanguage\":\"ru-RU\"}]}<\/script>\n<!-- \/ Yoast SEO plugin. -->","yoast_head_json":{"title":"Polityka Cookies \/ Polityka prywatno\u015bci | TERMETAL","robots":{"index":"index","follow":"follow","max-snippet":"max-snippet:-1","max-image-preview":"max-image-preview:large","max-video-preview":"max-video-preview:-1"},"canonical":"https:\/\/termetal.pl\/ru\/polityka-cookies\/","og_locale":"ru_RU","og_type":"article","og_title":"Polityka Cookies \/ Polityka prywatno\u015bci | TERMETAL","og_description":"Polityka Cookies Niniejsza Polityka Cookies okre\u015bla zasady przechowywania i dost\u0119pu do informacji na urz\u0105dzeniach U\u017cytkownika za pomoc\u0105 plik\u00f3w Cookies, s\u0142u\u017c\u0105cych realizacji us\u0142ug \u015bwiadczonych drog\u0105 elektroniczn\u0105 \u017c\u0105danych przez Termetal Piotr Glaner Sp.k. w Pile przy ul. Cynkowniczej 8. 1 Definicje Administrator \u2013 oznacza Termetal Piotr Glaner Sp.k. z siedzib\u0105 w Pile przy ul. Cynkowniczej 8, NIP: [&hellip;]","og_url":"https:\/\/termetal.pl\/ru\/polityka-cookies\/","og_site_name":"TERMETAL","article_modified_time":"2023-12-01T10:09:31+00:00","twitter_misc":{"Est. reading time":"8 minutes"},"schema":{"@context":"https:\/\/schema.org","@graph":[{"@type":"WebPage","@id":"https:\/\/termetal.pl\/ru\/polityka-cookies\/","url":"https:\/\/termetal.pl\/ru\/polityka-cookies\/","name":"Polityka Cookies \/ Polityka prywatno\u015bci | TERMETAL","isPartOf":{"@id":"https:\/\/termetal.pl\/ru\/#website"},"datePublished":"2015-04-01T13:15:55+00:00","dateModified":"2023-12-01T10:09:31+00:00","breadcrumb":{"@id":"https:\/\/termetal.pl\/ru\/polityka-cookies\/#breadcrumb"},"inLanguage":"ru-RU","potentialAction":[{"@type":"ReadAction","target":["https:\/\/termetal.pl\/ru\/polityka-cookies\/"]}]},{"@type":"BreadcrumbList","@id":"https:\/\/termetal.pl\/ru\/polityka-cookies\/#breadcrumb","itemListElement":[{"@type":"ListItem","position":1,"name":"Strona g\u0142\u00f3wna","item":"https:\/\/termetal.pl\/ru\/"},{"@type":"ListItem","position":2,"name":"Polityka Cookies \/ Polityka prywatno\u015bci"}]},{"@type":"WebSite","@id":"https:\/\/termetal.pl\/ru\/#website","url":"https:\/\/termetal.pl\/ru\/","name":"TERMETAL","description":"termetal","potentialAction":[{"@type":"SearchAction","target":{"@type":"EntryPoint","urlTemplate":"https:\/\/termetal.pl\/ru\/?s={search_term_string}"},"query-input":{"@type":"PropertyValueSpecification","valueRequired":true,"valueName":"search_term_string"}}],"inLanguage":"ru-RU"}]}},"_links":{"self":[{"href":"https:\/\/termetal.pl\/ru\/wp-json\/wp\/v2\/pages\/1051","targetHints":{"allow":["GET"]}}],"collection":[{"href":"https:\/\/termetal.pl\/ru\/wp-json\/wp\/v2\/pages"}],"about":[{"href":"https:\/\/termetal.pl\/ru\/wp-json\/wp\/v2\/types\/page"}],"author":[{"embeddable":true,"href":"https:\/\/termetal.pl\/ru\/wp-json\/wp\/v2\/users\/1"}],"replies":[{"embeddable":true,"href":"https:\/\/termetal.pl\/ru\/wp-json\/wp\/v2\/comments?post=1051"}],"version-history":[{"count":6,"href":"https:\/\/termetal.pl\/ru\/wp-json\/wp\/v2\/pages\/1051\/revisions"}],"predecessor-version":[{"id":5414,"href":"https:\/\/termetal.pl\/ru\/wp-json\/wp\/v2\/pages\/1051\/revisions\/5414"}],"wp:attachment":[{"href":"https:\/\/termetal.pl\/ru\/wp-json\/wp\/v2\/media?parent=1051"}],"curies":[{"name":"wp","href":"https:\/\/api.w.org\/{rel}","templated":true}]}}