{"id":1031,"date":"2015-04-23T16:12:33","date_gmt":"2015-04-23T14:12:33","guid":{"rendered":"http:\/\/termetal.pl\/ru\/oferta-2\/oferta\/ukladanie-krat\/"},"modified":"2017-08-29T11:58:23","modified_gmt":"2017-08-29T09:58:23","slug":"ukladanie-krat","status":"publish","type":"page","link":"https:\/\/termetal.pl\/ru\/oferta\/kraty-pomostowe\/ukladanie-krat\/","title":{"rendered":"\u0420\u043e\u0437\u043a\u043b\u0430\u0434\u043a\u0430 \u0440\u0435\u0448\u0435\u0442\u043e\u043a"},"content":{"rendered":"<h3>\u041f\u043e\u0434\u0431\u043e\u0440 \u0448\u0438\u0440\u0438\u043d\u044b \u0440\u0435\u0448\u0435\u0442\u043a\u0438<\/h3>\n<p>\u0414\u043b\u044f \u0442\u043e\u0433\u043e \u0447\u0442\u043e\u0431\u044b \u0443\u043c\u0435\u043d\u044c\u0448\u0438\u0442\u044c \u0441\u0442\u043e\u0438\u043c\u043e\u0441\u0442\u044c \u0440\u0435\u0448\u0435\u0442\u043e\u043a \u0440\u0435\u043a\u043e\u043c\u0435\u043d\u0434\u0443\u0435\u0442\u0441\u044f \u0438\u0441\u043f\u043e\u043b\u044c\u0437\u043e\u0432\u0430\u0442\u044c \u043c\u043e\u0434\u0443\u043b\u0438 \u0448\u0438\u0440\u0438\u043d\u043e\u0439 B = 1000. \u0418\u0441\u043f\u043e\u043b\u044c\u0437\u0443\u044f \u043c\u043e\u0434\u0443\u043b\u0438 B = 1000 \u0441\u0442\u043e\u0438\u0442 \u043f\u043e\u043a\u0440\u044b\u0442\u044c \u043c\u0430\u043a\u0441\u0438\u043c\u0430\u043b\u044c\u043d\u043e \u0432\u043e\u0437\u043c\u043e\u0436\u043d\u0443\u044e \u043f\u043b\u043e\u0449\u0430\u0434\u044c \u043f\u043e\u0432\u0435\u0440\u0445\u043d\u043e\u0441\u0442\u0438. \u0428\u0438\u0440\u0438\u043d\u0430 \u043f\u043e\u0441\u043b\u0435\u0434\u043d\u0435\u0439 \u0440\u0435\u0448\u0435\u0442\u043a\u0438, \u043d\u0435\u043e\u0431\u0445\u043e\u0434\u0438\u043c\u043e\u0439 \u0434\u043b\u044f \u043f\u043e\u043a\u0440\u044b\u0442\u0438\u044f \u0446\u0435\u043b\u043e\u0439 \u043f\u043e\u0432\u0435\u0440\u0445\u043d\u043e\u0441\u0442\u0438 \u0438\u0437\u0433\u043e\u0442\u0430\u0432\u043b\u0438\u0432\u0430\u0435\u0442\u0441\u044f \u0438\u043d\u0434\u0438\u0432\u0438\u0434\u0443\u0430\u043b\u044c\u043d\u043e. \u0418\u0441\u043f\u043e\u043b\u044c\u0437\u043e\u0432\u0430\u043d\u0438\u0435 \u0442\u0430\u043a\u043e\u0433\u043e \u043c\u0435\u0442\u043e\u0434\u0430, \u043a\u0430\u043a \u0443\u0441\u0440\u0435\u0434\u043d\u0435\u043d\u0438\u0435 \u0448\u0438\u0440\u0438\u043d\u044b \u0440\u0435\u0448\u0435\u0442\u043e\u043a, \u043f\u043e\u0432\u044b\u0441\u0438\u0442 \u0441\u0442\u043e\u0438\u043c\u043e\u0441\u0442\u044c \u043f\u043e\u043a\u0440\u044b\u0442\u0438\u044f \u0432\u0441\u0435\u0439 \u043f\u043e\u0432\u0435\u0440\u0445\u043d\u043e\u0441\u0442\u0438.<\/p>\n<h3>\u041e\u043f\u043e\u0440\u044b \u0440\u0435\u0448\u0435\u0442\u043e\u043a<\/h3>\n<p>\u041f\u0440\u0438 \u0432\u044b\u0431\u043e\u0440\u0435 \u0440\u0430\u0437\u043c\u0435\u0440\u0430 \u043e\u043f\u043e\u0440 \u0434\u043b\u044f \u0440\u0435\u0448\u0435\u0442\u043e\u043a, \u0441\u043b\u0435\u0434\u0443\u0435\u0442, \u0447\u0442\u043e\u0431 \u043a\u043e\u043d\u0446\u044b \u043d\u0435\u0441\u0443\u0449\u0438\u0445 \u043f\u043e\u043b\u043e\u0441 \u043e\u043f\u0435\u0440\u0430\u043b\u0438\u0441\u044c \u043d\u0430 \u043c\u0438\u043d\u0438\u043c\u0430\u043b\u044c\u043d\u043e\u0439 \u0434\u043b\u0438\u043d\u0435, \u0440\u0430\u0432\u043d\u043e\u0439, \u043f\u043e \u043c\u0435\u043d\u044c\u0448\u0435\u0439 \u043c\u0435\u0440\u0435 \u0432\u044b\u0441\u043e\u0442\u0435 \u043d\u0435\u0441\u0443\u0449\u0435\u0439 \u043f\u043e\u043b\u043e\u0441\u044b, \u043d\u043e \u043d\u0435 \u043c\u0435\u043d\u044c\u0448\u0435, \u0447\u0435\u043c 30 \u043c\u043c (\u043d\u0430\u043f\u0440\u0438\u043c\u0435\u0440 \u0434\u043b\u044f \u043f\u043e\u043b\u043e\u0441\u044b 20 \u043c\u043c \u0438 25 \u043c\u043c).<\/p>\n<p>\u0420\u0438\u0441. 13. \u041e\u043f\u043e\u0440\u0430 \u0440\u0435\u0448\u0435\u0442\u043a\u0438<\/p>\n<p><a href=\"http:\/\/termetal.pl\/wp-content\/uploads\/2015\/04\/kraty52_RU.jpg\" data-rel=\"lightbox-image-0\" data-rl_title=\"\" data-rl_caption=\"\" title=\"\"><img loading=\"lazy\" decoding=\"async\" class=\"alignnone size-thumbnail-img50 wp-image-2354\" src=\"http:\/\/termetal.pl\/wp-content\/uploads\/2015\/04\/kraty52_RU-380x236.jpg\" alt=\"kraty52_RU\" width=\"380\" height=\"236\" srcset=\"https:\/\/termetal.pl\/wp-content\/uploads\/2015\/04\/kraty52_RU-380x236.jpg 380w, https:\/\/termetal.pl\/wp-content\/uploads\/2015\/04\/kraty52_RU-300x187.jpg 300w, https:\/\/termetal.pl\/wp-content\/uploads\/2015\/04\/kraty52_RU-1024x637.jpg 1024w, https:\/\/termetal.pl\/wp-content\/uploads\/2015\/04\/kraty52_RU.jpg 1200w\" sizes=\"auto, (max-width: 380px) 100vw, 380px\" \/><\/a><\/p>\n<p>\u041d\u0430 \u044d\u0442\u0430\u043f\u0435 \u043f\u0440\u043e\u0435\u043a\u0442\u0438\u0440\u043e\u0432\u0430\u043d\u0438\u044f \u0440\u0430\u0441\u043a\u043b\u0430\u0434\u043a\u0438 \u0440\u0435\u0448\u0435\u0442\u043e\u043a \u0441\u0442\u043e\u0438\u0442 \u043f\u043e\u043c\u043d\u0438\u0442\u044c \u043e \u0441\u043b\u0435\u0434\u0443\u044e\u0449\u0438\u0445 \u043f\u0440\u0430\u0432\u0438\u043b\u0430\u0445:<\/p>\n<ul>\n<li>\u0420\u0430\u0441\u0442\u043e\u044f\u043d\u0438\u0435 \u043c\u0435\u0436\u0434\u0443 \u043f\u0440\u043e\u0435\u043a\u0442\u0438\u0440\u043e\u0432\u0430\u043d\u044b\u043c\u0438 \u0440\u0435\u0448\u0435\u0442\u043a\u0430\u043c\u0438 \u0434\u043e\u043b\u0436\u043d\u043e \u0431\u044b\u0442\u044c \u043e\u043a\u043e\u043b\u043e 5 \u043c\u043c.<\/li>\n<\/ul>\n<p>\u0420\u0438\u0441. 14. \u0440\u0430\u0441\u043a\u043b\u0430\u0434\u043a\u0430 \u0440\u0435\u0448\u0435\u0442\u043e\u043a<\/p>\n<p><a href=\"http:\/\/termetal.pl\/wp-content\/uploads\/2015\/04\/Rys.-14.-Schemat-rozstawu-krat.jpg\" data-rel=\"lightbox-image-1\" data-rl_title=\"\" data-rl_caption=\"\" title=\"\"><img loading=\"lazy\" decoding=\"async\" class=\" wp-image-455 size-thumbnail-img50 alignnone\" src=\"http:\/\/termetal.pl\/wp-content\/uploads\/2015\/04\/Rys.-14.-Schemat-rozstawu-krat-380x236.jpg\" alt=\"Rys. 14. Schemat rozstawu krat\" width=\"380\" height=\"236\" srcset=\"https:\/\/termetal.pl\/wp-content\/uploads\/2015\/04\/Rys.-14.-Schemat-rozstawu-krat-380x236.jpg 380w, https:\/\/termetal.pl\/wp-content\/uploads\/2015\/04\/Rys.-14.-Schemat-rozstawu-krat-300x187.jpg 300w, https:\/\/termetal.pl\/wp-content\/uploads\/2015\/04\/Rys.-14.-Schemat-rozstawu-krat-1024x637.jpg 1024w, https:\/\/termetal.pl\/wp-content\/uploads\/2015\/04\/Rys.-14.-Schemat-rozstawu-krat-1013x630.jpg 1013w, https:\/\/termetal.pl\/wp-content\/uploads\/2015\/04\/Rys.-14.-Schemat-rozstawu-krat-187x116.jpg 187w, https:\/\/termetal.pl\/wp-content\/uploads\/2015\/04\/Rys.-14.-Schemat-rozstawu-krat.jpg 1200w\" sizes=\"auto, (max-width: 380px) 100vw, 380px\" \/><\/a><\/p>\n<ul>\n<li>\u0412\u043e \u0432\u0440\u0435\u043c\u044f \u0440\u0430\u0437\u043a\u043b\u0430\u0434\u043a\u0438 \u043d\u0430\u0441\u0442\u0438\u043b\u0430 \u043d\u0435\u043e\u0431\u0445\u043e\u0434\u0438\u043c\u043e \u0443\u0447\u0435\u0441\u0442\u044c \u043e\u0442\u0441\u0442\u0443\u043f \u043e\u0442 \u043a\u0440\u0430\u044f \u043f\u043b\u043e\u0449\u0430\u0434\u043a\u0438 \u043f\u0440\u0438\u043c\u0435\u0440\u043d\u043e 10 \u043c\u043c.<\/li>\n<\/ul>\n<p>\u0420\u0438\u0441. 15. \u0423\u043a\u043b\u0430\u0434\u043a\u0430 \u0440\u0435\u0448\u0435\u0442\u043e\u043a \u0443 \u043a\u0440\u0430\u044f \u043f\u043b\u0430\u0442\u0444\u043e\u0440\u043c\u044b<\/p>\n<p><a href=\"http:\/\/termetal.pl\/wp-content\/uploads\/2015\/04\/Rys.-15.-Schemat-przedstawiaj\u0105cy-odleg\u0142o\u015b\u0107-kraty-od-kraw\u0119dzi-pomostu.jpg\" data-rel=\"lightbox-image-2\" data-rl_title=\"\" data-rl_caption=\"\" title=\"\"><img loading=\"lazy\" decoding=\"async\" class=\"alignnone size-thumbnail-img50 wp-image-478\" src=\"http:\/\/termetal.pl\/wp-content\/uploads\/2015\/04\/Rys.-15.-Schemat-przedstawiaj\u0105cy-odleg\u0142o\u015b\u0107-kraty-od-kraw\u0119dzi-pomostu-380x236.jpg\" alt=\"Rys. 15. Schemat przedstawiaj\u0105cy odleg\u0142o\u015b\u0107 kraty od kraw\u0119dzi pomostu\" width=\"380\" height=\"236\" \/><\/a><\/p>\n<ul>\n<li>\u0422\u0430\u043a \u0436\u0435 \u0432 \u043c\u0435\u0441\u0442\u0430\u0445 \u043f\u0440\u043e\u0445\u043e\u0436\u0434\u0435\u043d\u0438\u044f \u0447\u0435\u0440\u0435\u0437 \u043f\u043e\u043c\u043e\u0441\u0442\u044b \u0442\u0435\u0445\u043d\u043e\u043b\u043e\u0433\u0438\u0447\u0435\u0441\u043a\u043e\u0433\u043e \u043e\u0431\u043e\u0440\u0443\u0434\u043e\u0432\u0430\u043d\u0438\u044f, \u0432\u043e\u0437\u043b\u0435 \u043a\u043e\u043b\u043e\u043d, \u0442\u0440\u0443\u0431 \u0438 \u0442.\u0434. \u0442\u043e\u0436\u0435 \u0441\u043b\u0435\u0434\u0443\u0435\u0442 \u0437\u0430\u043a\u043b\u0430\u0434\u044b\u0432\u0430\u0442\u044c \u043e\u0442\u0441\u0442\u0443\u043f \u043e\u043a\u043e\u043b\u043e 10 \u043c\u043c.<\/li>\n<\/ul>\n<p>\u0420\u0438\u0441. 16. \u041f\u0440\u043e\u0445\u043e\u0436\u0434\u0435\u043d\u0438\u0435 \u043a\u043e\u043b\u043e\u043d\u044b \u0447\u0435\u0440\u0435\u0437 \u043f\u043e\u043c\u043e\u0441\u0442.<\/p>\n<p><a href=\"http:\/\/termetal.pl\/wp-content\/uploads\/2015\/04\/rys16.jpg\" data-rel=\"lightbox-image-3\" data-rl_title=\"\" data-rl_caption=\"\" title=\"\"><img loading=\"lazy\" decoding=\"async\" class=\"alignnone wp-image-836 size-thumbnail-img50\" src=\"http:\/\/termetal.pl\/wp-content\/uploads\/2015\/04\/rys16-380x236.jpg\" alt=\"\" width=\"380\" height=\"236\" srcset=\"https:\/\/termetal.pl\/wp-content\/uploads\/2015\/04\/rys16-380x236.jpg 380w, https:\/\/termetal.pl\/wp-content\/uploads\/2015\/04\/rys16-300x187.jpg 300w, https:\/\/termetal.pl\/wp-content\/uploads\/2015\/04\/rys16-1024x637.jpg 1024w, https:\/\/termetal.pl\/wp-content\/uploads\/2015\/04\/rys16.jpg 1200w\" sizes=\"auto, (max-width: 380px) 100vw, 380px\" \/><\/a><\/p>\n<p><strong><span style=\"color: #ff0000;\">\u0421\u0442\u043e\u0438\u0442 \u0437\u043d\u0430\u0442\u044c:<\/span> \u0440\u0435\u0448\u0435\u0442\u043a\u0438 \u0441\u0442\u0430\u043d\u0434\u0430\u0440\u0442\u043d\u043e \u0438\u0437\u0433\u043e\u0442\u0430\u0432\u043b\u0438\u0432\u0430\u044e\u0442\u0441\u044f \u0432 \u043c\u0438\u043d\u0443\u0441\u043e\u0432\u043e\u0439 \u0434\u043e\u043f\u0443\u0441\u0442\u0438\u043c\u043e\u0439 \u043f\u043e\u0433\u0440\u0435\u0448\u043d\u043e\u0441\u0442\u044c\u044e<\/strong><\/p>\n<p>&nbsp;<\/p>\n","protected":false},"excerpt":{"rendered":"<p>\u041f\u043e\u0434\u0431\u043e\u0440 \u0448\u0438\u0440\u0438\u043d\u044b \u0440\u0435\u0448\u0435\u0442\u043a\u0438 \u0414\u043b\u044f \u0442\u043e\u0433\u043e \u0447\u0442\u043e\u0431\u044b \u0443\u043c\u0435\u043d\u044c\u0448\u0438\u0442\u044c \u0441\u0442\u043e\u0438\u043c\u043e\u0441\u0442\u044c \u0440\u0435\u0448\u0435\u0442\u043e\u043a \u0440\u0435\u043a\u043e\u043c\u0435\u043d\u0434\u0443\u0435\u0442\u0441\u044f \u0438\u0441\u043f\u043e\u043b\u044c\u0437\u043e\u0432\u0430\u0442\u044c \u043c\u043e\u0434\u0443\u043b\u0438 \u0448\u0438\u0440\u0438\u043d\u043e\u0439 B = 1000. \u0418\u0441\u043f\u043e\u043b\u044c\u0437\u0443\u044f \u043c\u043e\u0434\u0443\u043b\u0438 B = 1000 \u0441\u0442\u043e\u0438\u0442 \u043f\u043e\u043a\u0440\u044b\u0442\u044c \u043c\u0430\u043a\u0441\u0438\u043c\u0430\u043b\u044c\u043d\u043e \u0432\u043e\u0437\u043c\u043e\u0436\u043d\u0443\u044e \u043f\u043b\u043e\u0449\u0430\u0434\u044c \u043f\u043e\u0432\u0435\u0440\u0445\u043d\u043e\u0441\u0442\u0438. \u0428\u0438\u0440\u0438\u043d\u0430 \u043f\u043e\u0441\u043b\u0435\u0434\u043d\u0435\u0439 \u0440\u0435\u0448\u0435\u0442\u043a\u0438, \u043d\u0435\u043e\u0431\u0445\u043e\u0434\u0438\u043c\u043e\u0439 \u0434\u043b\u044f \u043f\u043e\u043a\u0440\u044b\u0442\u0438\u044f \u0446\u0435\u043b\u043e\u0439 \u043f\u043e\u0432\u0435\u0440\u0445\u043d\u043e\u0441\u0442\u0438 \u0438\u0437\u0433\u043e\u0442\u0430\u0432\u043b\u0438\u0432\u0430\u0435\u0442\u0441\u044f \u0438\u043d\u0434\u0438\u0432\u0438\u0434\u0443\u0430\u043b\u044c\u043d\u043e. \u0418\u0441\u043f\u043e\u043b\u044c\u0437\u043e\u0432\u0430\u043d\u0438\u0435 \u0442\u0430\u043a\u043e\u0433\u043e \u043c\u0435\u0442\u043e\u0434\u0430, \u043a\u0430\u043a \u0443\u0441\u0440\u0435\u0434\u043d\u0435\u043d\u0438\u0435 \u0448\u0438\u0440\u0438\u043d\u044b \u0440\u0435\u0448\u0435\u0442\u043e\u043a, \u043f\u043e\u0432\u044b\u0441\u0438\u0442 \u0441\u0442\u043e\u0438\u043c\u043e\u0441\u0442\u044c \u043f\u043e\u043a\u0440\u044b\u0442\u0438\u044f \u0432\u0441\u0435\u0439 \u043f\u043e\u0432\u0435\u0440\u0445\u043d\u043e\u0441\u0442\u0438. \u041e\u043f\u043e\u0440\u044b \u0440\u0435\u0448\u0435\u0442\u043e\u043a \u041f\u0440\u0438 \u0432\u044b\u0431\u043e\u0440\u0435 \u0440\u0430\u0437\u043c\u0435\u0440\u0430 \u043e\u043f\u043e\u0440 [&hellip;]<\/p>\n","protected":false},"author":1,"featured_media":0,"parent":1009,"menu_order":0,"comment_status":"open","ping_status":"open","template":"","meta":{"_acf_changed":false,"footnotes":""},"class_list":["post-1031","page","type-page","status-publish","hentry"],"acf":[],"yoast_head":"<!-- This site is optimized with the Yoast SEO plugin v27.3 - https:\/\/yoast.com\/product\/yoast-seo-wordpress\/ -->\n<title>\u0420\u043e\u0437\u043a\u043b\u0430\u0434\u043a\u0430 \u0440\u0435\u0448\u0435\u0442\u043e\u043a | TERMETAL<\/title>\n<meta name=\"robots\" content=\"index, follow, max-snippet:-1, max-image-preview:large, max-video-preview:-1\" \/>\n<link rel=\"canonical\" href=\"https:\/\/termetal.pl\/oferta\/kraty-pomostowe\/ukladanie-krat\/\" \/>\n<meta property=\"og:locale\" content=\"ru_RU\" \/>\n<meta property=\"og:type\" content=\"article\" \/>\n<meta property=\"og:title\" content=\"\u0420\u043e\u0437\u043a\u043b\u0430\u0434\u043a\u0430 \u0440\u0435\u0448\u0435\u0442\u043e\u043a | TERMETAL\" \/>\n<meta property=\"og:description\" content=\"\u041f\u043e\u0434\u0431\u043e\u0440 \u0448\u0438\u0440\u0438\u043d\u044b \u0440\u0435\u0448\u0435\u0442\u043a\u0438 \u0414\u043b\u044f \u0442\u043e\u0433\u043e \u0447\u0442\u043e\u0431\u044b \u0443\u043c\u0435\u043d\u044c\u0448\u0438\u0442\u044c \u0441\u0442\u043e\u0438\u043c\u043e\u0441\u0442\u044c \u0440\u0435\u0448\u0435\u0442\u043e\u043a \u0440\u0435\u043a\u043e\u043c\u0435\u043d\u0434\u0443\u0435\u0442\u0441\u044f \u0438\u0441\u043f\u043e\u043b\u044c\u0437\u043e\u0432\u0430\u0442\u044c \u043c\u043e\u0434\u0443\u043b\u0438 \u0448\u0438\u0440\u0438\u043d\u043e\u0439 B = 1000. \u0418\u0441\u043f\u043e\u043b\u044c\u0437\u0443\u044f \u043c\u043e\u0434\u0443\u043b\u0438 B = 1000 \u0441\u0442\u043e\u0438\u0442 \u043f\u043e\u043a\u0440\u044b\u0442\u044c \u043c\u0430\u043a\u0441\u0438\u043c\u0430\u043b\u044c\u043d\u043e \u0432\u043e\u0437\u043c\u043e\u0436\u043d\u0443\u044e \u043f\u043b\u043e\u0449\u0430\u0434\u044c \u043f\u043e\u0432\u0435\u0440\u0445\u043d\u043e\u0441\u0442\u0438. \u0428\u0438\u0440\u0438\u043d\u0430 \u043f\u043e\u0441\u043b\u0435\u0434\u043d\u0435\u0439 \u0440\u0435\u0448\u0435\u0442\u043a\u0438, \u043d\u0435\u043e\u0431\u0445\u043e\u0434\u0438\u043c\u043e\u0439 \u0434\u043b\u044f \u043f\u043e\u043a\u0440\u044b\u0442\u0438\u044f \u0446\u0435\u043b\u043e\u0439 \u043f\u043e\u0432\u0435\u0440\u0445\u043d\u043e\u0441\u0442\u0438 \u0438\u0437\u0433\u043e\u0442\u0430\u0432\u043b\u0438\u0432\u0430\u0435\u0442\u0441\u044f \u0438\u043d\u0434\u0438\u0432\u0438\u0434\u0443\u0430\u043b\u044c\u043d\u043e. \u0418\u0441\u043f\u043e\u043b\u044c\u0437\u043e\u0432\u0430\u043d\u0438\u0435 \u0442\u0430\u043a\u043e\u0433\u043e \u043c\u0435\u0442\u043e\u0434\u0430, \u043a\u0430\u043a \u0443\u0441\u0440\u0435\u0434\u043d\u0435\u043d\u0438\u0435 \u0448\u0438\u0440\u0438\u043d\u044b \u0440\u0435\u0448\u0435\u0442\u043e\u043a, \u043f\u043e\u0432\u044b\u0441\u0438\u0442 \u0441\u0442\u043e\u0438\u043c\u043e\u0441\u0442\u044c \u043f\u043e\u043a\u0440\u044b\u0442\u0438\u044f \u0432\u0441\u0435\u0439 \u043f\u043e\u0432\u0435\u0440\u0445\u043d\u043e\u0441\u0442\u0438. \u041e\u043f\u043e\u0440\u044b \u0440\u0435\u0448\u0435\u0442\u043e\u043a \u041f\u0440\u0438 \u0432\u044b\u0431\u043e\u0440\u0435 \u0440\u0430\u0437\u043c\u0435\u0440\u0430 \u043e\u043f\u043e\u0440 [&hellip;]\" \/>\n<meta property=\"og:url\" content=\"https:\/\/termetal.pl\/oferta\/kraty-pomostowe\/ukladanie-krat\/\" \/>\n<meta property=\"og:site_name\" content=\"TERMETAL\" \/>\n<meta property=\"article:modified_time\" content=\"2017-08-29T09:58:23+00:00\" \/>\n<meta property=\"og:image\" content=\"http:\/\/termetal.pl\/wp-content\/uploads\/2015\/04\/kraty52_RU-380x236.jpg\" \/>\n<script type=\"application\/ld+json\" class=\"yoast-schema-graph\">{\"@context\":\"https:\\\/\\\/schema.org\",\"@graph\":[{\"@type\":\"WebPage\",\"@id\":\"https:\\\/\\\/termetal.pl\\\/oferta\\\/kraty-pomostowe\\\/ukladanie-krat\\\/\",\"url\":\"https:\\\/\\\/termetal.pl\\\/oferta\\\/kraty-pomostowe\\\/ukladanie-krat\\\/\",\"name\":\"\u0420\u043e\u0437\u043a\u043b\u0430\u0434\u043a\u0430 \u0440\u0435\u0448\u0435\u0442\u043e\u043a | TERMETAL\",\"isPartOf\":{\"@id\":\"https:\\\/\\\/termetal.pl\\\/ru\\\/#website\"},\"primaryImageOfPage\":{\"@id\":\"https:\\\/\\\/termetal.pl\\\/oferta\\\/kraty-pomostowe\\\/ukladanie-krat\\\/#primaryimage\"},\"image\":{\"@id\":\"https:\\\/\\\/termetal.pl\\\/oferta\\\/kraty-pomostowe\\\/ukladanie-krat\\\/#primaryimage\"},\"thumbnailUrl\":\"http:\\\/\\\/termetal.pl\\\/wp-content\\\/uploads\\\/2015\\\/04\\\/kraty52_RU-380x236.jpg\",\"datePublished\":\"2015-04-23T14:12:33+00:00\",\"dateModified\":\"2017-08-29T09:58:23+00:00\",\"breadcrumb\":{\"@id\":\"https:\\\/\\\/termetal.pl\\\/oferta\\\/kraty-pomostowe\\\/ukladanie-krat\\\/#breadcrumb\"},\"inLanguage\":\"ru-RU\",\"potentialAction\":[{\"@type\":\"ReadAction\",\"target\":[\"https:\\\/\\\/termetal.pl\\\/oferta\\\/kraty-pomostowe\\\/ukladanie-krat\\\/\"]}]},{\"@type\":\"ImageObject\",\"inLanguage\":\"ru-RU\",\"@id\":\"https:\\\/\\\/termetal.pl\\\/oferta\\\/kraty-pomostowe\\\/ukladanie-krat\\\/#primaryimage\",\"url\":\"http:\\\/\\\/termetal.pl\\\/wp-content\\\/uploads\\\/2015\\\/04\\\/kraty52_RU-380x236.jpg\",\"contentUrl\":\"http:\\\/\\\/termetal.pl\\\/wp-content\\\/uploads\\\/2015\\\/04\\\/kraty52_RU-380x236.jpg\"},{\"@type\":\"BreadcrumbList\",\"@id\":\"https:\\\/\\\/termetal.pl\\\/oferta\\\/kraty-pomostowe\\\/ukladanie-krat\\\/#breadcrumb\",\"itemListElement\":[{\"@type\":\"ListItem\",\"position\":1,\"name\":\"Strona g\u0142\u00f3wna\",\"item\":\"https:\\\/\\\/termetal.pl\\\/ru\\\/\"},{\"@type\":\"ListItem\",\"position\":2,\"name\":\"\u041f\u0420\u0415\u0414\u041b\u041e\u0416\u0415\u041d\u0418\u0415\",\"item\":\"https:\\\/\\\/termetal.pl\\\/ru\\\/oferta\\\/\"},{\"@type\":\"ListItem\",\"position\":3,\"name\":\"\u0420\u0415\u0428\u0415\u0422\u0427\u0410\u0422\u042b\u0419 \u041d\u0410\u0421\u0422\u0418\u041b\",\"item\":\"https:\\\/\\\/termetal.pl\\\/oferta\\\/kraty-pomostowe\\\/\"},{\"@type\":\"ListItem\",\"position\":4,\"name\":\"\u0420\u043e\u0437\u043a\u043b\u0430\u0434\u043a\u0430 \u0440\u0435\u0448\u0435\u0442\u043e\u043a\"}]},{\"@type\":\"WebSite\",\"@id\":\"https:\\\/\\\/termetal.pl\\\/ru\\\/#website\",\"url\":\"https:\\\/\\\/termetal.pl\\\/ru\\\/\",\"name\":\"TERMETAL\",\"description\":\"termetal\",\"potentialAction\":[{\"@type\":\"SearchAction\",\"target\":{\"@type\":\"EntryPoint\",\"urlTemplate\":\"https:\\\/\\\/termetal.pl\\\/ru\\\/?s={search_term_string}\"},\"query-input\":{\"@type\":\"PropertyValueSpecification\",\"valueRequired\":true,\"valueName\":\"search_term_string\"}}],\"inLanguage\":\"ru-RU\"}]}<\/script>\n<!-- \/ Yoast SEO plugin. -->","yoast_head_json":{"title":"\u0420\u043e\u0437\u043a\u043b\u0430\u0434\u043a\u0430 \u0440\u0435\u0448\u0435\u0442\u043e\u043a | TERMETAL","robots":{"index":"index","follow":"follow","max-snippet":"max-snippet:-1","max-image-preview":"max-image-preview:large","max-video-preview":"max-video-preview:-1"},"canonical":"https:\/\/termetal.pl\/oferta\/kraty-pomostowe\/ukladanie-krat\/","og_locale":"ru_RU","og_type":"article","og_title":"\u0420\u043e\u0437\u043a\u043b\u0430\u0434\u043a\u0430 \u0440\u0435\u0448\u0435\u0442\u043e\u043a | TERMETAL","og_description":"\u041f\u043e\u0434\u0431\u043e\u0440 \u0448\u0438\u0440\u0438\u043d\u044b \u0440\u0435\u0448\u0435\u0442\u043a\u0438 \u0414\u043b\u044f \u0442\u043e\u0433\u043e \u0447\u0442\u043e\u0431\u044b \u0443\u043c\u0435\u043d\u044c\u0448\u0438\u0442\u044c \u0441\u0442\u043e\u0438\u043c\u043e\u0441\u0442\u044c \u0440\u0435\u0448\u0435\u0442\u043e\u043a \u0440\u0435\u043a\u043e\u043c\u0435\u043d\u0434\u0443\u0435\u0442\u0441\u044f \u0438\u0441\u043f\u043e\u043b\u044c\u0437\u043e\u0432\u0430\u0442\u044c \u043c\u043e\u0434\u0443\u043b\u0438 \u0448\u0438\u0440\u0438\u043d\u043e\u0439 B = 1000. \u0418\u0441\u043f\u043e\u043b\u044c\u0437\u0443\u044f \u043c\u043e\u0434\u0443\u043b\u0438 B = 1000 \u0441\u0442\u043e\u0438\u0442 \u043f\u043e\u043a\u0440\u044b\u0442\u044c \u043c\u0430\u043a\u0441\u0438\u043c\u0430\u043b\u044c\u043d\u043e \u0432\u043e\u0437\u043c\u043e\u0436\u043d\u0443\u044e \u043f\u043b\u043e\u0449\u0430\u0434\u044c \u043f\u043e\u0432\u0435\u0440\u0445\u043d\u043e\u0441\u0442\u0438. \u0428\u0438\u0440\u0438\u043d\u0430 \u043f\u043e\u0441\u043b\u0435\u0434\u043d\u0435\u0439 \u0440\u0435\u0448\u0435\u0442\u043a\u0438, \u043d\u0435\u043e\u0431\u0445\u043e\u0434\u0438\u043c\u043e\u0439 \u0434\u043b\u044f \u043f\u043e\u043a\u0440\u044b\u0442\u0438\u044f \u0446\u0435\u043b\u043e\u0439 \u043f\u043e\u0432\u0435\u0440\u0445\u043d\u043e\u0441\u0442\u0438 \u0438\u0437\u0433\u043e\u0442\u0430\u0432\u043b\u0438\u0432\u0430\u0435\u0442\u0441\u044f \u0438\u043d\u0434\u0438\u0432\u0438\u0434\u0443\u0430\u043b\u044c\u043d\u043e. \u0418\u0441\u043f\u043e\u043b\u044c\u0437\u043e\u0432\u0430\u043d\u0438\u0435 \u0442\u0430\u043a\u043e\u0433\u043e \u043c\u0435\u0442\u043e\u0434\u0430, \u043a\u0430\u043a \u0443\u0441\u0440\u0435\u0434\u043d\u0435\u043d\u0438\u0435 \u0448\u0438\u0440\u0438\u043d\u044b \u0440\u0435\u0448\u0435\u0442\u043e\u043a, \u043f\u043e\u0432\u044b\u0441\u0438\u0442 \u0441\u0442\u043e\u0438\u043c\u043e\u0441\u0442\u044c \u043f\u043e\u043a\u0440\u044b\u0442\u0438\u044f \u0432\u0441\u0435\u0439 \u043f\u043e\u0432\u0435\u0440\u0445\u043d\u043e\u0441\u0442\u0438. \u041e\u043f\u043e\u0440\u044b \u0440\u0435\u0448\u0435\u0442\u043e\u043a \u041f\u0440\u0438 \u0432\u044b\u0431\u043e\u0440\u0435 \u0440\u0430\u0437\u043c\u0435\u0440\u0430 \u043e\u043f\u043e\u0440 [&hellip;]","og_url":"https:\/\/termetal.pl\/oferta\/kraty-pomostowe\/ukladanie-krat\/","og_site_name":"TERMETAL","article_modified_time":"2017-08-29T09:58:23+00:00","og_image":[{"url":"http:\/\/termetal.pl\/wp-content\/uploads\/2015\/04\/kraty52_RU-380x236.jpg","type":"","width":"","height":""}],"schema":{"@context":"https:\/\/schema.org","@graph":[{"@type":"WebPage","@id":"https:\/\/termetal.pl\/oferta\/kraty-pomostowe\/ukladanie-krat\/","url":"https:\/\/termetal.pl\/oferta\/kraty-pomostowe\/ukladanie-krat\/","name":"\u0420\u043e\u0437\u043a\u043b\u0430\u0434\u043a\u0430 \u0440\u0435\u0448\u0435\u0442\u043e\u043a | TERMETAL","isPartOf":{"@id":"https:\/\/termetal.pl\/ru\/#website"},"primaryImageOfPage":{"@id":"https:\/\/termetal.pl\/oferta\/kraty-pomostowe\/ukladanie-krat\/#primaryimage"},"image":{"@id":"https:\/\/termetal.pl\/oferta\/kraty-pomostowe\/ukladanie-krat\/#primaryimage"},"thumbnailUrl":"http:\/\/termetal.pl\/wp-content\/uploads\/2015\/04\/kraty52_RU-380x236.jpg","datePublished":"2015-04-23T14:12:33+00:00","dateModified":"2017-08-29T09:58:23+00:00","breadcrumb":{"@id":"https:\/\/termetal.pl\/oferta\/kraty-pomostowe\/ukladanie-krat\/#breadcrumb"},"inLanguage":"ru-RU","potentialAction":[{"@type":"ReadAction","target":["https:\/\/termetal.pl\/oferta\/kraty-pomostowe\/ukladanie-krat\/"]}]},{"@type":"ImageObject","inLanguage":"ru-RU","@id":"https:\/\/termetal.pl\/oferta\/kraty-pomostowe\/ukladanie-krat\/#primaryimage","url":"http:\/\/termetal.pl\/wp-content\/uploads\/2015\/04\/kraty52_RU-380x236.jpg","contentUrl":"http:\/\/termetal.pl\/wp-content\/uploads\/2015\/04\/kraty52_RU-380x236.jpg"},{"@type":"BreadcrumbList","@id":"https:\/\/termetal.pl\/oferta\/kraty-pomostowe\/ukladanie-krat\/#breadcrumb","itemListElement":[{"@type":"ListItem","position":1,"name":"Strona g\u0142\u00f3wna","item":"https:\/\/termetal.pl\/ru\/"},{"@type":"ListItem","position":2,"name":"\u041f\u0420\u0415\u0414\u041b\u041e\u0416\u0415\u041d\u0418\u0415","item":"https:\/\/termetal.pl\/ru\/oferta\/"},{"@type":"ListItem","position":3,"name":"\u0420\u0415\u0428\u0415\u0422\u0427\u0410\u0422\u042b\u0419 \u041d\u0410\u0421\u0422\u0418\u041b","item":"https:\/\/termetal.pl\/oferta\/kraty-pomostowe\/"},{"@type":"ListItem","position":4,"name":"\u0420\u043e\u0437\u043a\u043b\u0430\u0434\u043a\u0430 \u0440\u0435\u0448\u0435\u0442\u043e\u043a"}]},{"@type":"WebSite","@id":"https:\/\/termetal.pl\/ru\/#website","url":"https:\/\/termetal.pl\/ru\/","name":"TERMETAL","description":"termetal","potentialAction":[{"@type":"SearchAction","target":{"@type":"EntryPoint","urlTemplate":"https:\/\/termetal.pl\/ru\/?s={search_term_string}"},"query-input":{"@type":"PropertyValueSpecification","valueRequired":true,"valueName":"search_term_string"}}],"inLanguage":"ru-RU"}]}},"_links":{"self":[{"href":"https:\/\/termetal.pl\/ru\/wp-json\/wp\/v2\/pages\/1031","targetHints":{"allow":["GET"]}}],"collection":[{"href":"https:\/\/termetal.pl\/ru\/wp-json\/wp\/v2\/pages"}],"about":[{"href":"https:\/\/termetal.pl\/ru\/wp-json\/wp\/v2\/types\/page"}],"author":[{"embeddable":true,"href":"https:\/\/termetal.pl\/ru\/wp-json\/wp\/v2\/users\/1"}],"replies":[{"embeddable":true,"href":"https:\/\/termetal.pl\/ru\/wp-json\/wp\/v2\/comments?post=1031"}],"version-history":[{"count":4,"href":"https:\/\/termetal.pl\/ru\/wp-json\/wp\/v2\/pages\/1031\/revisions"}],"predecessor-version":[{"id":2356,"href":"https:\/\/termetal.pl\/ru\/wp-json\/wp\/v2\/pages\/1031\/revisions\/2356"}],"up":[{"embeddable":true,"href":"https:\/\/termetal.pl\/ru\/wp-json\/wp\/v2\/pages\/1009"}],"wp:attachment":[{"href":"https:\/\/termetal.pl\/ru\/wp-json\/wp\/v2\/media?parent=1031"}],"curies":[{"name":"wp","href":"https:\/\/api.w.org\/{rel}","templated":true}]}}