{"id":1019,"date":"2015-04-22T14:37:30","date_gmt":"2015-04-22T12:37:30","guid":{"rendered":"http:\/\/termetal.pl\/ru\/oferta-2\/oferta\/rodzaje-oczek-i-preta\/"},"modified":"2016-12-30T15:11:00","modified_gmt":"2016-12-30T14:11:00","slug":"rodzaje-oczek-i-preta","status":"publish","type":"page","link":"https:\/\/termetal.pl\/ru\/oferta\/kraty-pomostowe\/rodzaje-oczek-i-preta\/","title":{"rendered":"\u0412\u0438\u0434\u044b \u044f\u0447\u0435\u0435\u043a \u0438 \u043f\u043e\u043f\u0435\u0440\u0435\u0447\u043d\u043e\u0433\u043e \u043f\u0440\u0443\u0442\u043a\u0430"},"content":{"rendered":"<h3>\u0412\u0438\u0434\u044b \u044f\u0447\u0435\u0435\u043a<\/h3>\n<p>\u0420\u0430\u0441\u0442\u043e\u044f\u043d\u0438\u044f \u043c\u0435\u0436\u0434\u0443 \u043f\u043e\u043b\u043e\u0441\u0430\u043c\u0438 (\u0432 \u043e\u0441\u0438 \u043c\u0430\u0442\u0435\u0440\u0438\u0430\u043b\u0430) 15,08 \u043c\u043c, 30,16 \u043c\u043c, 34,3 \u043c\u043c, 68,6 \u043c\u043c, \u0430 \u043c\u0435\u0436\u0434\u0443 \u043f\u043e\u043f\u0435\u0440\u0435\u0447\u043d\u044b\u043c\u0438 \u043f\u0440\u0443\u0442\u0430\u043c\u0438 22,4 \u043c\u043c, 38,1 \u043c\u043c, 50,8 \u043c\u043c, 76,2 \u043c\u043c, 101,6 \u043c\u043c, \u043e\u0431\u0440\u0430\u0437\u0443\u044f \u044f\u0447\u0435\u0439\u043a\u0443 \u0441\u043b\u0435\u0434\u0443\u044e\u0449\u0438\u0445 \u0440\u0430\u0437\u043c\u0435\u0440\u043e\u0432:<\/p>\n<div id='gallery-1' class='gallery galleryid-1019 gallery-columns-3 gallery-size-thumbnail'><figure class='gallery-item'>\n\t\t\t<div class='gallery-icon portrait'>\n\t\t\t\t<a href='https:\/\/termetal.pl\/wp-content\/uploads\/2015\/04\/rodzaje_oczek_rysunek_1.jpg' title=\"\" data-rl_title=\"\" class=\"rl-gallery-link\" data-rl_caption=\"\" data-rel=\"lightbox-gallery-1\"><img loading=\"lazy\" decoding=\"async\" width=\"138\" height=\"198\" src=\"https:\/\/termetal.pl\/wp-content\/uploads\/2015\/04\/rodzaje_oczek_rysunek_1-138x198.jpg\" class=\"attachment-thumbnail size-thumbnail\" alt=\"\" \/><\/a>\n\t\t\t<\/div><\/figure><figure class='gallery-item'>\n\t\t\t<div class='gallery-icon portrait'>\n\t\t\t\t<a href='https:\/\/termetal.pl\/wp-content\/uploads\/2015\/04\/rodzaje_oczek_rysunek_2.jpg' title=\"\" data-rl_title=\"\" class=\"rl-gallery-link\" data-rl_caption=\"\" data-rel=\"lightbox-gallery-1\"><img loading=\"lazy\" decoding=\"async\" width=\"138\" height=\"198\" src=\"https:\/\/termetal.pl\/wp-content\/uploads\/2015\/04\/rodzaje_oczek_rysunek_2-138x198.jpg\" class=\"attachment-thumbnail size-thumbnail\" alt=\"\" \/><\/a>\n\t\t\t<\/div><\/figure><figure class='gallery-item'>\n\t\t\t<div class='gallery-icon portrait'>\n\t\t\t\t<a href='https:\/\/termetal.pl\/wp-content\/uploads\/2015\/04\/rodzaje_oczek_rysunek_3.jpg' title=\"\" data-rl_title=\"\" class=\"rl-gallery-link\" data-rl_caption=\"\" data-rel=\"lightbox-gallery-1\"><img loading=\"lazy\" decoding=\"async\" width=\"138\" height=\"198\" src=\"https:\/\/termetal.pl\/wp-content\/uploads\/2015\/04\/rodzaje_oczek_rysunek_3-138x198.jpg\" class=\"attachment-thumbnail size-thumbnail\" alt=\"\" \/><\/a>\n\t\t\t<\/div><\/figure><figure class='gallery-item'>\n\t\t\t<div class='gallery-icon portrait'>\n\t\t\t\t<a href='https:\/\/termetal.pl\/wp-content\/uploads\/2015\/04\/rodzaje_oczek_rysunek_4.jpg' title=\"\" data-rl_title=\"\" class=\"rl-gallery-link\" data-rl_caption=\"\" data-rel=\"lightbox-gallery-1\"><img loading=\"lazy\" decoding=\"async\" width=\"138\" height=\"198\" src=\"https:\/\/termetal.pl\/wp-content\/uploads\/2015\/04\/rodzaje_oczek_rysunek_4-138x198.jpg\" class=\"attachment-thumbnail size-thumbnail\" alt=\"\" \/><\/a>\n\t\t\t<\/div><\/figure><figure class='gallery-item'>\n\t\t\t<div class='gallery-icon portrait'>\n\t\t\t\t<a href='https:\/\/termetal.pl\/wp-content\/uploads\/2015\/04\/rodzaje_oczek_rysunek_5.jpg' title=\"\" data-rl_title=\"\" class=\"rl-gallery-link\" data-rl_caption=\"\" data-rel=\"lightbox-gallery-1\"><img loading=\"lazy\" decoding=\"async\" width=\"138\" height=\"198\" src=\"https:\/\/termetal.pl\/wp-content\/uploads\/2015\/04\/rodzaje_oczek_rysunek_5-138x198.jpg\" class=\"attachment-thumbnail size-thumbnail\" alt=\"\" \/><\/a>\n\t\t\t<\/div><\/figure><figure class='gallery-item'>\n\t\t\t<div class='gallery-icon portrait'>\n\t\t\t\t<a href='https:\/\/termetal.pl\/wp-content\/uploads\/2015\/04\/rodzaje_oczek_rysunek_6.jpg' title=\"\" data-rl_title=\"\" class=\"rl-gallery-link\" data-rl_caption=\"\" data-rel=\"lightbox-gallery-1\"><img loading=\"lazy\" decoding=\"async\" width=\"138\" height=\"198\" src=\"https:\/\/termetal.pl\/wp-content\/uploads\/2015\/04\/rodzaje_oczek_rysunek_6-138x198.jpg\" class=\"attachment-thumbnail size-thumbnail\" alt=\"\" \/><\/a>\n\t\t\t<\/div><\/figure><figure class='gallery-item'>\n\t\t\t<div class='gallery-icon portrait'>\n\t\t\t\t<a href='https:\/\/termetal.pl\/wp-content\/uploads\/2015\/04\/rodzaje_oczek_rysunek_7.jpg' title=\"\" data-rl_title=\"\" class=\"rl-gallery-link\" data-rl_caption=\"\" data-rel=\"lightbox-gallery-1\"><img loading=\"lazy\" decoding=\"async\" width=\"138\" height=\"198\" src=\"https:\/\/termetal.pl\/wp-content\/uploads\/2015\/04\/rodzaje_oczek_rysunek_7-138x198.jpg\" class=\"attachment-thumbnail size-thumbnail\" alt=\"\" \/><\/a>\n\t\t\t<\/div><\/figure><figure class='gallery-item'>\n\t\t\t<div class='gallery-icon portrait'>\n\t\t\t\t<a href='https:\/\/termetal.pl\/wp-content\/uploads\/2015\/04\/rodzaje_oczek_rysunek_8.jpg' title=\"\" data-rl_title=\"\" class=\"rl-gallery-link\" data-rl_caption=\"\" data-rel=\"lightbox-gallery-1\"><img loading=\"lazy\" decoding=\"async\" width=\"138\" height=\"198\" src=\"https:\/\/termetal.pl\/wp-content\/uploads\/2015\/04\/rodzaje_oczek_rysunek_8-138x198.jpg\" class=\"attachment-thumbnail size-thumbnail\" alt=\"\" \/><\/a>\n\t\t\t<\/div><\/figure><figure class='gallery-item'>\n\t\t\t<div class='gallery-icon portrait'>\n\t\t\t\t<a href='https:\/\/termetal.pl\/wp-content\/uploads\/2015\/04\/rodzaje_oczek_rysunek_9.jpg' title=\"\" data-rl_title=\"\" class=\"rl-gallery-link\" data-rl_caption=\"\" data-rel=\"lightbox-gallery-1\"><img loading=\"lazy\" decoding=\"async\" width=\"138\" height=\"198\" src=\"https:\/\/termetal.pl\/wp-content\/uploads\/2015\/04\/rodzaje_oczek_rysunek_9-138x198.jpg\" class=\"attachment-thumbnail size-thumbnail\" alt=\"\" \/><\/a>\n\t\t\t<\/div><\/figure><figure class='gallery-item'>\n\t\t\t<div class='gallery-icon portrait'>\n\t\t\t\t<a href='https:\/\/termetal.pl\/wp-content\/uploads\/2015\/04\/rodzaje_oczek_rysunek_10.jpg' title=\"\" data-rl_title=\"\" class=\"rl-gallery-link\" data-rl_caption=\"\" data-rel=\"lightbox-gallery-1\"><img loading=\"lazy\" decoding=\"async\" width=\"138\" height=\"198\" src=\"https:\/\/termetal.pl\/wp-content\/uploads\/2015\/04\/rodzaje_oczek_rysunek_10-138x198.jpg\" class=\"attachment-thumbnail size-thumbnail\" alt=\"\" \/><\/a>\n\t\t\t<\/div><\/figure><figure class='gallery-item'>\n\t\t\t<div class='gallery-icon portrait'>\n\t\t\t\t<a href='https:\/\/termetal.pl\/wp-content\/uploads\/2015\/04\/rodzaje_oczek_rysunek_11.jpg' title=\"\" data-rl_title=\"\" class=\"rl-gallery-link\" data-rl_caption=\"\" data-rel=\"lightbox-gallery-1\"><img loading=\"lazy\" decoding=\"async\" width=\"138\" height=\"198\" src=\"https:\/\/termetal.pl\/wp-content\/uploads\/2015\/04\/rodzaje_oczek_rysunek_11-138x198.jpg\" class=\"attachment-thumbnail size-thumbnail\" alt=\"\" \/><\/a>\n\t\t\t<\/div><\/figure><figure class='gallery-item'>\n\t\t\t<div class='gallery-icon portrait'>\n\t\t\t\t<a href='https:\/\/termetal.pl\/wp-content\/uploads\/2015\/04\/rodzaje_oczek_rysunek_12.jpg' title=\"\" data-rl_title=\"\" class=\"rl-gallery-link\" data-rl_caption=\"\" data-rel=\"lightbox-gallery-1\"><img loading=\"lazy\" decoding=\"async\" width=\"138\" height=\"198\" src=\"https:\/\/termetal.pl\/wp-content\/uploads\/2015\/04\/rodzaje_oczek_rysunek_12-138x198.jpg\" class=\"attachment-thumbnail size-thumbnail\" alt=\"\" \/><\/a>\n\t\t\t<\/div><\/figure><figure class='gallery-item'>\n\t\t\t<div class='gallery-icon portrait'>\n\t\t\t\t<a href='https:\/\/termetal.pl\/wp-content\/uploads\/2015\/04\/rodzaje_oczek_rysunek_13.jpg' title=\"\" data-rl_title=\"\" class=\"rl-gallery-link\" data-rl_caption=\"\" data-rel=\"lightbox-gallery-1\"><img loading=\"lazy\" decoding=\"async\" width=\"138\" height=\"198\" src=\"https:\/\/termetal.pl\/wp-content\/uploads\/2015\/04\/rodzaje_oczek_rysunek_13-138x198.jpg\" class=\"attachment-thumbnail size-thumbnail\" alt=\"\" \/><\/a>\n\t\t\t<\/div><\/figure><figure class='gallery-item'>\n\t\t\t<div class='gallery-icon portrait'>\n\t\t\t\t<a href='https:\/\/termetal.pl\/wp-content\/uploads\/2015\/04\/rodzaje_oczek_rysunek_14.jpg' title=\"\" data-rl_title=\"\" class=\"rl-gallery-link\" data-rl_caption=\"\" data-rel=\"lightbox-gallery-1\"><img loading=\"lazy\" decoding=\"async\" width=\"138\" height=\"198\" src=\"https:\/\/termetal.pl\/wp-content\/uploads\/2015\/04\/rodzaje_oczek_rysunek_14-138x198.jpg\" class=\"attachment-thumbnail size-thumbnail\" alt=\"\" \/><\/a>\n\t\t\t<\/div><\/figure><figure class='gallery-item'>\n\t\t\t<div class='gallery-icon portrait'>\n\t\t\t\t<a href='https:\/\/termetal.pl\/wp-content\/uploads\/2015\/04\/rodzaje_oczek_rysunek_15.jpg' title=\"\" data-rl_title=\"\" class=\"rl-gallery-link\" data-rl_caption=\"\" data-rel=\"lightbox-gallery-1\"><img loading=\"lazy\" decoding=\"async\" width=\"138\" height=\"198\" src=\"https:\/\/termetal.pl\/wp-content\/uploads\/2015\/04\/rodzaje_oczek_rysunek_15-138x198.jpg\" class=\"attachment-thumbnail size-thumbnail\" alt=\"\" \/><\/a>\n\t\t\t<\/div><\/figure>\n\t\t<\/div>\n\n<h3>\u0412\u0438\u0434\u044b \u043f\u043e\u043f\u0435\u0440\u0435\u0447\u043d\u043e\u0433\u043e \u043f\u0440\u0443\u0442\u043a\u0430<\/h3>\n<p>Do produkcji krat mo\u017cna zastosowa\u0107 nast\u0119puj\u0105ce rodzaje pr\u0119ta:<\/p>\n<ul>\n<li>\u041f\u0440\u0443\u0442 \u043a\u0432\u0430\u0434\u0440\u0430\u0442\u043d\u044b\u0439 \u0441\u043a\u0440\u0443\u0447\u0435\u043d\u043d\u044b\u0439 (\u0441 \u0434\u0438\u0430\u0433\u043e\u043d\u0430\u043b\u044c\u044e 5 \u0438\u043b\u0438 6 \u043c\u043c)<\/li>\n<li>\u041f\u0440\u0443\u0442 \u043a\u0440\u0443\u0433\u043b\u044b\u0439 \u0441 \u0436\u0435\u043b\u043e\u0431\u0430\u043c\u0438 \u0441\u043a\u0440\u0443\u0447\u0435\u043d\u043d\u044b\u0439 (4,8 \u043c\u043c, 5,8 \u043c\u043c)<\/li>\n<li>\u041f\u0440\u0443\u0442 \u043a\u0440\u0443\u0433\u043b\u044b\u0439 \u0433\u043b\u0430\u0434\u043a\u0438\u0439 (5 \u043c\u043c)<\/li>\n<\/ul>\n<p><a class=\"img50\" href=\"http:\/\/termetal.pl\/wp-content\/uploads\/2015\/04\/rodzaje_preta_rysunek_1.jpg\" data-rel=\"lightbox-image-15\" data-rl_title=\"\" data-rl_caption=\"\" title=\"\"><img loading=\"lazy\" decoding=\"async\" class=\"alignnone wp-image-403 size-thumbnail-img50\" src=\"http:\/\/termetal.pl\/wp-content\/uploads\/2015\/04\/rodzaje_preta_rysunek_1-380x236.jpg\" alt=\"rodzaje_preta_rysunek_1\" width=\"380\" height=\"236\" srcset=\"https:\/\/termetal.pl\/wp-content\/uploads\/2015\/04\/rodzaje_preta_rysunek_1-380x236.jpg 380w, https:\/\/termetal.pl\/wp-content\/uploads\/2015\/04\/rodzaje_preta_rysunek_1-300x187.jpg 300w, https:\/\/termetal.pl\/wp-content\/uploads\/2015\/04\/rodzaje_preta_rysunek_1-1024x637.jpg 1024w, https:\/\/termetal.pl\/wp-content\/uploads\/2015\/04\/rodzaje_preta_rysunek_1-1013x630.jpg 1013w, https:\/\/termetal.pl\/wp-content\/uploads\/2015\/04\/rodzaje_preta_rysunek_1-187x116.jpg 187w, https:\/\/termetal.pl\/wp-content\/uploads\/2015\/04\/rodzaje_preta_rysunek_1.jpg 1200w\" sizes=\"auto, (max-width: 380px) 100vw, 380px\" \/><\/a><a class=\"img50\" href=\"http:\/\/termetal.pl\/wp-content\/uploads\/2015\/04\/rodzaje_preta_rysunek_2.jpg\" data-rel=\"lightbox-image-16\" data-rl_title=\"\" data-rl_caption=\"\" title=\"\"><img loading=\"lazy\" decoding=\"async\" class=\"alignnone wp-image-401 size-thumbnail-img50\" src=\"http:\/\/termetal.pl\/wp-content\/uploads\/2015\/04\/rodzaje_preta_rysunek_2-380x236.jpg\" alt=\"rodzaje_preta_rysunek_2\" width=\"380\" height=\"236\" srcset=\"https:\/\/termetal.pl\/wp-content\/uploads\/2015\/04\/rodzaje_preta_rysunek_2-380x236.jpg 380w, https:\/\/termetal.pl\/wp-content\/uploads\/2015\/04\/rodzaje_preta_rysunek_2-300x187.jpg 300w, https:\/\/termetal.pl\/wp-content\/uploads\/2015\/04\/rodzaje_preta_rysunek_2-1024x637.jpg 1024w, https:\/\/termetal.pl\/wp-content\/uploads\/2015\/04\/rodzaje_preta_rysunek_2-1013x630.jpg 1013w, https:\/\/termetal.pl\/wp-content\/uploads\/2015\/04\/rodzaje_preta_rysunek_2-187x116.jpg 187w, https:\/\/termetal.pl\/wp-content\/uploads\/2015\/04\/rodzaje_preta_rysunek_2.jpg 1200w\" sizes=\"auto, (max-width: 380px) 100vw, 380px\" \/><\/a><a class=\"img50\" href=\"http:\/\/termetal.pl\/wp-content\/uploads\/2015\/04\/rodzaje_preta_rysunek_3.jpg\" data-rel=\"lightbox-image-17\" data-rl_title=\"\" data-rl_caption=\"\" title=\"\"><img loading=\"lazy\" decoding=\"async\" class=\"alignnone wp-image-402 size-thumbnail-img50\" src=\"http:\/\/termetal.pl\/wp-content\/uploads\/2015\/04\/rodzaje_preta_rysunek_3-380x236.jpg\" alt=\"rodzaje_preta_rysunek_3\" width=\"380\" height=\"236\" srcset=\"https:\/\/termetal.pl\/wp-content\/uploads\/2015\/04\/rodzaje_preta_rysunek_3-380x236.jpg 380w, https:\/\/termetal.pl\/wp-content\/uploads\/2015\/04\/rodzaje_preta_rysunek_3-300x187.jpg 300w, https:\/\/termetal.pl\/wp-content\/uploads\/2015\/04\/rodzaje_preta_rysunek_3-1024x637.jpg 1024w, https:\/\/termetal.pl\/wp-content\/uploads\/2015\/04\/rodzaje_preta_rysunek_3-1013x630.jpg 1013w, https:\/\/termetal.pl\/wp-content\/uploads\/2015\/04\/rodzaje_preta_rysunek_3-187x116.jpg 187w, https:\/\/termetal.pl\/wp-content\/uploads\/2015\/04\/rodzaje_preta_rysunek_3.jpg 1200w\" sizes=\"auto, (max-width: 380px) 100vw, 380px\" \/><\/a><\/p>\n<p>&nbsp;<\/p>\n","protected":false},"excerpt":{"rendered":"<p>\u0412\u0438\u0434\u044b \u044f\u0447\u0435\u0435\u043a \u0420\u0430\u0441\u0442\u043e\u044f\u043d\u0438\u044f \u043c\u0435\u0436\u0434\u0443 \u043f\u043e\u043b\u043e\u0441\u0430\u043c\u0438 (\u0432 \u043e\u0441\u0438 \u043c\u0430\u0442\u0435\u0440\u0438\u0430\u043b\u0430) 15,08 \u043c\u043c, 30,16 \u043c\u043c, 34,3 \u043c\u043c, 68,6 \u043c\u043c, \u0430 \u043c\u0435\u0436\u0434\u0443 \u043f\u043e\u043f\u0435\u0440\u0435\u0447\u043d\u044b\u043c\u0438 \u043f\u0440\u0443\u0442\u0430\u043c\u0438 22,4 \u043c\u043c, 38,1 \u043c\u043c, 50,8 \u043c\u043c, 76,2 \u043c\u043c, 101,6 \u043c\u043c, \u043e\u0431\u0440\u0430\u0437\u0443\u044f \u044f\u0447\u0435\u0439\u043a\u0443 \u0441\u043b\u0435\u0434\u0443\u044e\u0449\u0438\u0445 \u0440\u0430\u0437\u043c\u0435\u0440\u043e\u0432: \u0412\u0438\u0434\u044b \u043f\u043e\u043f\u0435\u0440\u0435\u0447\u043d\u043e\u0433\u043e \u043f\u0440\u0443\u0442\u043a\u0430 Do produkcji krat mo\u017cna zastosowa\u0107 nast\u0119puj\u0105ce rodzaje pr\u0119ta: \u041f\u0440\u0443\u0442 \u043a\u0432\u0430\u0434\u0440\u0430\u0442\u043d\u044b\u0439 \u0441\u043a\u0440\u0443\u0447\u0435\u043d\u043d\u044b\u0439 (\u0441 \u0434\u0438\u0430\u0433\u043e\u043d\u0430\u043b\u044c\u044e 5 \u0438\u043b\u0438 6 \u043c\u043c) \u041f\u0440\u0443\u0442 [&hellip;]<\/p>\n","protected":false},"author":1,"featured_media":0,"parent":1009,"menu_order":0,"comment_status":"open","ping_status":"open","template":"","meta":{"_acf_changed":false,"footnotes":""},"class_list":["post-1019","page","type-page","status-publish","hentry"],"acf":[],"yoast_head":"<!-- This site is optimized with the Yoast SEO plugin v27.3 - https:\/\/yoast.com\/product\/yoast-seo-wordpress\/ -->\n<title>\u0412\u0438\u0434\u044b \u044f\u0447\u0435\u0435\u043a \u0438 \u043f\u043e\u043f\u0435\u0440\u0435\u0447\u043d\u043e\u0433\u043e \u043f\u0440\u0443\u0442\u043a\u0430 | TERMETAL<\/title>\n<meta name=\"robots\" content=\"index, follow, max-snippet:-1, max-image-preview:large, max-video-preview:-1\" \/>\n<link rel=\"canonical\" href=\"https:\/\/termetal.pl\/ru\/oferta\/kraty-pomostowe\/rodzaje-oczek-i-preta\/\" \/>\n<meta property=\"og:locale\" content=\"ru_RU\" \/>\n<meta property=\"og:type\" content=\"article\" \/>\n<meta property=\"og:title\" content=\"\u0412\u0438\u0434\u044b \u044f\u0447\u0435\u0435\u043a \u0438 \u043f\u043e\u043f\u0435\u0440\u0435\u0447\u043d\u043e\u0433\u043e \u043f\u0440\u0443\u0442\u043a\u0430 | TERMETAL\" \/>\n<meta property=\"og:description\" content=\"\u0412\u0438\u0434\u044b \u044f\u0447\u0435\u0435\u043a \u0420\u0430\u0441\u0442\u043e\u044f\u043d\u0438\u044f \u043c\u0435\u0436\u0434\u0443 \u043f\u043e\u043b\u043e\u0441\u0430\u043c\u0438 (\u0432 \u043e\u0441\u0438 \u043c\u0430\u0442\u0435\u0440\u0438\u0430\u043b\u0430) 15,08 \u043c\u043c, 30,16 \u043c\u043c, 34,3 \u043c\u043c, 68,6 \u043c\u043c, \u0430 \u043c\u0435\u0436\u0434\u0443 \u043f\u043e\u043f\u0435\u0440\u0435\u0447\u043d\u044b\u043c\u0438 \u043f\u0440\u0443\u0442\u0430\u043c\u0438 22,4 \u043c\u043c, 38,1 \u043c\u043c, 50,8 \u043c\u043c, 76,2 \u043c\u043c, 101,6 \u043c\u043c, \u043e\u0431\u0440\u0430\u0437\u0443\u044f \u044f\u0447\u0435\u0439\u043a\u0443 \u0441\u043b\u0435\u0434\u0443\u044e\u0449\u0438\u0445 \u0440\u0430\u0437\u043c\u0435\u0440\u043e\u0432: \u0412\u0438\u0434\u044b \u043f\u043e\u043f\u0435\u0440\u0435\u0447\u043d\u043e\u0433\u043e \u043f\u0440\u0443\u0442\u043a\u0430 Do produkcji krat mo\u017cna zastosowa\u0107 nast\u0119puj\u0105ce rodzaje pr\u0119ta: \u041f\u0440\u0443\u0442 \u043a\u0432\u0430\u0434\u0440\u0430\u0442\u043d\u044b\u0439 \u0441\u043a\u0440\u0443\u0447\u0435\u043d\u043d\u044b\u0439 (\u0441 \u0434\u0438\u0430\u0433\u043e\u043d\u0430\u043b\u044c\u044e 5 \u0438\u043b\u0438 6 \u043c\u043c) \u041f\u0440\u0443\u0442 [&hellip;]\" \/>\n<meta property=\"og:url\" content=\"https:\/\/termetal.pl\/ru\/oferta\/kraty-pomostowe\/rodzaje-oczek-i-preta\/\" \/>\n<meta property=\"og:site_name\" content=\"TERMETAL\" \/>\n<meta property=\"article:modified_time\" content=\"2016-12-30T14:11:00+00:00\" \/>\n<meta property=\"og:image\" content=\"https:\/\/termetal.pl\/wp-content\/uploads\/2015\/04\/rodzaje_oczek_rysunek_1-138x198.jpg\" \/>\n<script type=\"application\/ld+json\" class=\"yoast-schema-graph\">{\"@context\":\"https:\\\/\\\/schema.org\",\"@graph\":[{\"@type\":\"WebPage\",\"@id\":\"https:\\\/\\\/termetal.pl\\\/ru\\\/oferta\\\/kraty-pomostowe\\\/rodzaje-oczek-i-preta\\\/\",\"url\":\"https:\\\/\\\/termetal.pl\\\/ru\\\/oferta\\\/kraty-pomostowe\\\/rodzaje-oczek-i-preta\\\/\",\"name\":\"\u0412\u0438\u0434\u044b \u044f\u0447\u0435\u0435\u043a \u0438 \u043f\u043e\u043f\u0435\u0440\u0435\u0447\u043d\u043e\u0433\u043e \u043f\u0440\u0443\u0442\u043a\u0430 | TERMETAL\",\"isPartOf\":{\"@id\":\"https:\\\/\\\/termetal.pl\\\/ru\\\/#website\"},\"primaryImageOfPage\":{\"@id\":\"https:\\\/\\\/termetal.pl\\\/ru\\\/oferta\\\/kraty-pomostowe\\\/rodzaje-oczek-i-preta\\\/#primaryimage\"},\"image\":{\"@id\":\"https:\\\/\\\/termetal.pl\\\/ru\\\/oferta\\\/kraty-pomostowe\\\/rodzaje-oczek-i-preta\\\/#primaryimage\"},\"thumbnailUrl\":\"http:\\\/\\\/termetal.pl\\\/wp-content\\\/uploads\\\/2015\\\/04\\\/rodzaje_preta_rysunek_1-380x236.jpg\",\"datePublished\":\"2015-04-22T12:37:30+00:00\",\"dateModified\":\"2016-12-30T14:11:00+00:00\",\"breadcrumb\":{\"@id\":\"https:\\\/\\\/termetal.pl\\\/ru\\\/oferta\\\/kraty-pomostowe\\\/rodzaje-oczek-i-preta\\\/#breadcrumb\"},\"inLanguage\":\"ru-RU\",\"potentialAction\":[{\"@type\":\"ReadAction\",\"target\":[\"https:\\\/\\\/termetal.pl\\\/ru\\\/oferta\\\/kraty-pomostowe\\\/rodzaje-oczek-i-preta\\\/\"]}]},{\"@type\":\"ImageObject\",\"inLanguage\":\"ru-RU\",\"@id\":\"https:\\\/\\\/termetal.pl\\\/ru\\\/oferta\\\/kraty-pomostowe\\\/rodzaje-oczek-i-preta\\\/#primaryimage\",\"url\":\"http:\\\/\\\/termetal.pl\\\/wp-content\\\/uploads\\\/2015\\\/04\\\/rodzaje_preta_rysunek_1-380x236.jpg\",\"contentUrl\":\"http:\\\/\\\/termetal.pl\\\/wp-content\\\/uploads\\\/2015\\\/04\\\/rodzaje_preta_rysunek_1-380x236.jpg\"},{\"@type\":\"BreadcrumbList\",\"@id\":\"https:\\\/\\\/termetal.pl\\\/ru\\\/oferta\\\/kraty-pomostowe\\\/rodzaje-oczek-i-preta\\\/#breadcrumb\",\"itemListElement\":[{\"@type\":\"ListItem\",\"position\":1,\"name\":\"Strona g\u0142\u00f3wna\",\"item\":\"https:\\\/\\\/termetal.pl\\\/ru\\\/\"},{\"@type\":\"ListItem\",\"position\":2,\"name\":\"\u041f\u0420\u0415\u0414\u041b\u041e\u0416\u0415\u041d\u0418\u0415\",\"item\":\"https:\\\/\\\/termetal.pl\\\/ru\\\/oferta\\\/\"},{\"@type\":\"ListItem\",\"position\":3,\"name\":\"\u0420\u0415\u0428\u0415\u0422\u0427\u0410\u0422\u042b\u0419 \u041d\u0410\u0421\u0422\u0418\u041b\",\"item\":\"https:\\\/\\\/termetal.pl\\\/oferta\\\/kraty-pomostowe\\\/\"},{\"@type\":\"ListItem\",\"position\":4,\"name\":\"\u0412\u0438\u0434\u044b \u044f\u0447\u0435\u0435\u043a \u0438 \u043f\u043e\u043f\u0435\u0440\u0435\u0447\u043d\u043e\u0433\u043e \u043f\u0440\u0443\u0442\u043a\u0430\"}]},{\"@type\":\"WebSite\",\"@id\":\"https:\\\/\\\/termetal.pl\\\/ru\\\/#website\",\"url\":\"https:\\\/\\\/termetal.pl\\\/ru\\\/\",\"name\":\"TERMETAL\",\"description\":\"termetal\",\"potentialAction\":[{\"@type\":\"SearchAction\",\"target\":{\"@type\":\"EntryPoint\",\"urlTemplate\":\"https:\\\/\\\/termetal.pl\\\/ru\\\/?s={search_term_string}\"},\"query-input\":{\"@type\":\"PropertyValueSpecification\",\"valueRequired\":true,\"valueName\":\"search_term_string\"}}],\"inLanguage\":\"ru-RU\"}]}<\/script>\n<!-- \/ Yoast SEO plugin. -->","yoast_head_json":{"title":"\u0412\u0438\u0434\u044b \u044f\u0447\u0435\u0435\u043a \u0438 \u043f\u043e\u043f\u0435\u0440\u0435\u0447\u043d\u043e\u0433\u043e \u043f\u0440\u0443\u0442\u043a\u0430 | TERMETAL","robots":{"index":"index","follow":"follow","max-snippet":"max-snippet:-1","max-image-preview":"max-image-preview:large","max-video-preview":"max-video-preview:-1"},"canonical":"https:\/\/termetal.pl\/ru\/oferta\/kraty-pomostowe\/rodzaje-oczek-i-preta\/","og_locale":"ru_RU","og_type":"article","og_title":"\u0412\u0438\u0434\u044b \u044f\u0447\u0435\u0435\u043a \u0438 \u043f\u043e\u043f\u0435\u0440\u0435\u0447\u043d\u043e\u0433\u043e \u043f\u0440\u0443\u0442\u043a\u0430 | TERMETAL","og_description":"\u0412\u0438\u0434\u044b \u044f\u0447\u0435\u0435\u043a \u0420\u0430\u0441\u0442\u043e\u044f\u043d\u0438\u044f \u043c\u0435\u0436\u0434\u0443 \u043f\u043e\u043b\u043e\u0441\u0430\u043c\u0438 (\u0432 \u043e\u0441\u0438 \u043c\u0430\u0442\u0435\u0440\u0438\u0430\u043b\u0430) 15,08 \u043c\u043c, 30,16 \u043c\u043c, 34,3 \u043c\u043c, 68,6 \u043c\u043c, \u0430 \u043c\u0435\u0436\u0434\u0443 \u043f\u043e\u043f\u0435\u0440\u0435\u0447\u043d\u044b\u043c\u0438 \u043f\u0440\u0443\u0442\u0430\u043c\u0438 22,4 \u043c\u043c, 38,1 \u043c\u043c, 50,8 \u043c\u043c, 76,2 \u043c\u043c, 101,6 \u043c\u043c, \u043e\u0431\u0440\u0430\u0437\u0443\u044f \u044f\u0447\u0435\u0439\u043a\u0443 \u0441\u043b\u0435\u0434\u0443\u044e\u0449\u0438\u0445 \u0440\u0430\u0437\u043c\u0435\u0440\u043e\u0432: \u0412\u0438\u0434\u044b \u043f\u043e\u043f\u0435\u0440\u0435\u0447\u043d\u043e\u0433\u043e \u043f\u0440\u0443\u0442\u043a\u0430 Do produkcji krat mo\u017cna zastosowa\u0107 nast\u0119puj\u0105ce rodzaje pr\u0119ta: \u041f\u0440\u0443\u0442 \u043a\u0432\u0430\u0434\u0440\u0430\u0442\u043d\u044b\u0439 \u0441\u043a\u0440\u0443\u0447\u0435\u043d\u043d\u044b\u0439 (\u0441 \u0434\u0438\u0430\u0433\u043e\u043d\u0430\u043b\u044c\u044e 5 \u0438\u043b\u0438 6 \u043c\u043c) \u041f\u0440\u0443\u0442 [&hellip;]","og_url":"https:\/\/termetal.pl\/ru\/oferta\/kraty-pomostowe\/rodzaje-oczek-i-preta\/","og_site_name":"TERMETAL","article_modified_time":"2016-12-30T14:11:00+00:00","og_image":[{"url":"https:\/\/termetal.pl\/wp-content\/uploads\/2015\/04\/rodzaje_oczek_rysunek_1-138x198.jpg","type":"","width":"","height":""}],"schema":{"@context":"https:\/\/schema.org","@graph":[{"@type":"WebPage","@id":"https:\/\/termetal.pl\/ru\/oferta\/kraty-pomostowe\/rodzaje-oczek-i-preta\/","url":"https:\/\/termetal.pl\/ru\/oferta\/kraty-pomostowe\/rodzaje-oczek-i-preta\/","name":"\u0412\u0438\u0434\u044b \u044f\u0447\u0435\u0435\u043a \u0438 \u043f\u043e\u043f\u0435\u0440\u0435\u0447\u043d\u043e\u0433\u043e \u043f\u0440\u0443\u0442\u043a\u0430 | TERMETAL","isPartOf":{"@id":"https:\/\/termetal.pl\/ru\/#website"},"primaryImageOfPage":{"@id":"https:\/\/termetal.pl\/ru\/oferta\/kraty-pomostowe\/rodzaje-oczek-i-preta\/#primaryimage"},"image":{"@id":"https:\/\/termetal.pl\/ru\/oferta\/kraty-pomostowe\/rodzaje-oczek-i-preta\/#primaryimage"},"thumbnailUrl":"http:\/\/termetal.pl\/wp-content\/uploads\/2015\/04\/rodzaje_preta_rysunek_1-380x236.jpg","datePublished":"2015-04-22T12:37:30+00:00","dateModified":"2016-12-30T14:11:00+00:00","breadcrumb":{"@id":"https:\/\/termetal.pl\/ru\/oferta\/kraty-pomostowe\/rodzaje-oczek-i-preta\/#breadcrumb"},"inLanguage":"ru-RU","potentialAction":[{"@type":"ReadAction","target":["https:\/\/termetal.pl\/ru\/oferta\/kraty-pomostowe\/rodzaje-oczek-i-preta\/"]}]},{"@type":"ImageObject","inLanguage":"ru-RU","@id":"https:\/\/termetal.pl\/ru\/oferta\/kraty-pomostowe\/rodzaje-oczek-i-preta\/#primaryimage","url":"http:\/\/termetal.pl\/wp-content\/uploads\/2015\/04\/rodzaje_preta_rysunek_1-380x236.jpg","contentUrl":"http:\/\/termetal.pl\/wp-content\/uploads\/2015\/04\/rodzaje_preta_rysunek_1-380x236.jpg"},{"@type":"BreadcrumbList","@id":"https:\/\/termetal.pl\/ru\/oferta\/kraty-pomostowe\/rodzaje-oczek-i-preta\/#breadcrumb","itemListElement":[{"@type":"ListItem","position":1,"name":"Strona g\u0142\u00f3wna","item":"https:\/\/termetal.pl\/ru\/"},{"@type":"ListItem","position":2,"name":"\u041f\u0420\u0415\u0414\u041b\u041e\u0416\u0415\u041d\u0418\u0415","item":"https:\/\/termetal.pl\/ru\/oferta\/"},{"@type":"ListItem","position":3,"name":"\u0420\u0415\u0428\u0415\u0422\u0427\u0410\u0422\u042b\u0419 \u041d\u0410\u0421\u0422\u0418\u041b","item":"https:\/\/termetal.pl\/oferta\/kraty-pomostowe\/"},{"@type":"ListItem","position":4,"name":"\u0412\u0438\u0434\u044b \u044f\u0447\u0435\u0435\u043a \u0438 \u043f\u043e\u043f\u0435\u0440\u0435\u0447\u043d\u043e\u0433\u043e \u043f\u0440\u0443\u0442\u043a\u0430"}]},{"@type":"WebSite","@id":"https:\/\/termetal.pl\/ru\/#website","url":"https:\/\/termetal.pl\/ru\/","name":"TERMETAL","description":"termetal","potentialAction":[{"@type":"SearchAction","target":{"@type":"EntryPoint","urlTemplate":"https:\/\/termetal.pl\/ru\/?s={search_term_string}"},"query-input":{"@type":"PropertyValueSpecification","valueRequired":true,"valueName":"search_term_string"}}],"inLanguage":"ru-RU"}]}},"_links":{"self":[{"href":"https:\/\/termetal.pl\/ru\/wp-json\/wp\/v2\/pages\/1019","targetHints":{"allow":["GET"]}}],"collection":[{"href":"https:\/\/termetal.pl\/ru\/wp-json\/wp\/v2\/pages"}],"about":[{"href":"https:\/\/termetal.pl\/ru\/wp-json\/wp\/v2\/types\/page"}],"author":[{"embeddable":true,"href":"https:\/\/termetal.pl\/ru\/wp-json\/wp\/v2\/users\/1"}],"replies":[{"embeddable":true,"href":"https:\/\/termetal.pl\/ru\/wp-json\/wp\/v2\/comments?post=1019"}],"version-history":[{"count":3,"href":"https:\/\/termetal.pl\/ru\/wp-json\/wp\/v2\/pages\/1019\/revisions"}],"predecessor-version":[{"id":1824,"href":"https:\/\/termetal.pl\/ru\/wp-json\/wp\/v2\/pages\/1019\/revisions\/1824"}],"up":[{"embeddable":true,"href":"https:\/\/termetal.pl\/ru\/wp-json\/wp\/v2\/pages\/1009"}],"wp:attachment":[{"href":"https:\/\/termetal.pl\/ru\/wp-json\/wp\/v2\/media?parent=1019"}],"curies":[{"name":"wp","href":"https:\/\/api.w.org\/{rel}","templated":true}]}}