{"id":997,"date":"2015-04-29T15:21:13","date_gmt":"2015-04-29T13:21:13","guid":{"rendered":"http:\/\/termetal.pl\/en\/oferta-2\/cynkwanie\/cynkownia-grudziadz\/"},"modified":"2024-06-26T11:31:04","modified_gmt":"2024-06-26T09:31:04","slug":"ocynkownia-grudziadz","status":"publish","type":"page","link":"https:\/\/termetal.pl\/en\/oferta\/cynkwanie\/ocynkownia-grudziadz\/","title":{"rendered":"Ocynkownia Grudzi\u0105dz"},"content":{"rendered":"\n<h4 class=\"wp-block-heading\"><em><a href=\"https:\/\/termetal.pl\/kontakt\/cynkowanie-ogniowe\/ocynkownia-grudziadz-kontakt\/\">Kontakt<\/a><\/em><\/h4>\n\n\n<p>Ocynkownia w Grudzi\u0105dzu rozpocz\u0119\u0142a dzia\u0142alno\u015b\u0107 w 2008r. Od tego czasu wyrobi\u0142a sobie znakomit\u0105 mark\u0119 u swoich Klient\u00f3w. Dba\u0142o\u015b\u0107 o profesjonaln\u0105 obs\u0142ug\u0119, znakomity serwis oraz pierwszorz\u0119dn\u0105 jako\u015b\u0107, zaowocowa\u0142o regularnymi kontraktami nie tylko z Klientami polskimi, ale tak\u017ce z kraj\u00f3w takich jak Szwecja, Norwegia, Holandia, Niemcy, Szwajcaria, Austria, Rosja, USA. Wielu z tych Klient\u00f3w docelowo wskazuje ocynkowni\u0119 Grudzi\u0105dzk\u0105 jako t\u0105, w kt\u00f3rej zalecane jest cynkowanie ich wyrob\u00f3w.<\/p>\n<p><a href=\"http:\/\/termetal.pl\/wp-content\/uploads\/2024\/06\/Cynkownia-Grudzi\u0105dz-e1719393640796.jpg\" data-rel=\"lightbox-image-0\" data-rl_title=\"\" data-rl_caption=\"\" title=\"\"><img loading=\"lazy\" decoding=\"async\" class=\"alignnone wp-image-5491 size-full\" src=\"http:\/\/termetal.pl\/wp-content\/uploads\/2024\/06\/Cynkownia-Grudzi\u0105dz-e1719393640796.jpg\" alt=\"Cynkownia Grudzi\u0105dz\" width=\"800\" height=\"492\" srcset=\"https:\/\/termetal.pl\/wp-content\/uploads\/2024\/06\/Cynkownia-Grudzi\u0105dz-e1719393640796.jpg 800w, https:\/\/termetal.pl\/wp-content\/uploads\/2024\/06\/Cynkownia-Grudzi\u0105dz-e1719393640796-300x185.jpg 300w, https:\/\/termetal.pl\/wp-content\/uploads\/2024\/06\/Cynkownia-Grudzi\u0105dz-e1719393640796-768x472.jpg 768w\" sizes=\"auto, (max-width: 800px) 100vw, 800px\" \/><\/a><\/p>\n<p>Cz\u0119sto Klienci, zw\u0142aszcza korporacyjni, z wysokimi wymaganiami, przeprowadzaj\u0105 w Grudzi\u0105dzu audyty organizacyjne, aby mie\u0107 pewno\u015b\u0107 powtarzalno\u015bci proces\u00f3w oraz kontroli nad zapewnieniem odpowiedniej jako\u015bci cynkowania i obs\u0142ugi posprzeda\u017cnej. Po zako\u0144czonych pozytywnie audytach, rekomenduj\u0105 Ocynkowni\u0119 w Grudzi\u0105dzu swoim partnerom handlowym.<\/p>\n<p>Doradcy Ocynkowni w Grudzi\u0105dzu regularnie te\u017c podczas spotka\u0144 ze swoimi Klientami oferuj\u0105 opracowywanie technologii, zapewniaj\u0105cej powtarzaln\u0105 jako\u015b\u0107 zar\u00f3wno ocynku, jak i serwisu powi\u0105zanego do momentu dostarczenia towaru do Klienta, co jest mo\u017cliwe z powodu wysokiej wiedzy fachowej teoretycznej i praktycznej naszych fachowc\u00f3w, a tak\u017ce z powodu wnikliwej analizy, katalogowania wiedzy i wyci\u0105gania wniosk\u00f3w z zako\u0144czonych proces\u00f3w na zr\u00f3\u017cnicowanych asortymentach. Opracowane technologie mog\u0105 te\u017c by\u0107 pomocne przy rozmowach z nowymi Klientami, kt\u00f3rzy w szybkim czasie mog\u0105 na bazie podanych przyk\u0142ad\u00f3w zar\u00f3wno wybra\u0107 podobie\u0144stwo swoich wymaga\u0144 jak i przystosowa\u0107 si\u0119 odpowiednio z przygotowaniem swoich konstrukcji. Wanna cynkownicza o wymiarach: d\u0142. 13m, szer. 1,6 m, g\u0142\u0119boko\u015b\u0107 3 m.<\/p>","protected":false},"excerpt":{"rendered":"<p>Kontakt Ocynkownia w Grudzi\u0105dzu rozpocz\u0119\u0142a dzia\u0142alno\u015b\u0107 w 2008r. Od tego czasu wyrobi\u0142a sobie znakomit\u0105 mark\u0119 u swoich Klient\u00f3w. Dba\u0142o\u015b\u0107 o profesjonaln\u0105 obs\u0142ug\u0119, znakomity serwis oraz pierwszorz\u0119dn\u0105 jako\u015b\u0107, zaowocowa\u0142o regularnymi kontraktami nie tylko z Klientami polskimi, ale tak\u017ce z kraj\u00f3w takich jak Szwecja, Norwegia, Holandia, Niemcy, Szwajcaria, Austria, Rosja, USA. Wielu z tych Klient\u00f3w docelowo wskazuje [&hellip;]<\/p>\n","protected":false},"author":1,"featured_media":0,"parent":996,"menu_order":0,"comment_status":"closed","ping_status":"open","template":"","meta":{"_acf_changed":false,"footnotes":""},"class_list":["post-997","page","type-page","status-publish","hentry"],"acf":[],"yoast_head":"<!-- This site is optimized with the Yoast SEO plugin v27.5 - https:\/\/yoast.com\/product\/yoast-seo-wordpress\/ -->\n<title>Ocynkownia Grudzi\u0105dz | TERMETAL<\/title>\n<meta name=\"robots\" content=\"index, follow, max-snippet:-1, max-image-preview:large, max-video-preview:-1\" \/>\n<link rel=\"canonical\" href=\"https:\/\/termetal.pl\/en\/oferta\/cynkwanie\/ocynkownia-grudziadz\/\" \/>\n<meta property=\"og:locale\" content=\"en_US\" \/>\n<meta property=\"og:type\" content=\"article\" \/>\n<meta property=\"og:title\" content=\"Ocynkownia Grudzi\u0105dz | TERMETAL\" \/>\n<meta property=\"og:description\" content=\"Kontakt Ocynkownia w Grudzi\u0105dzu rozpocz\u0119\u0142a dzia\u0142alno\u015b\u0107 w 2008r. Od tego czasu wyrobi\u0142a sobie znakomit\u0105 mark\u0119 u swoich Klient\u00f3w. Dba\u0142o\u015b\u0107 o profesjonaln\u0105 obs\u0142ug\u0119, znakomity serwis oraz pierwszorz\u0119dn\u0105 jako\u015b\u0107, zaowocowa\u0142o regularnymi kontraktami nie tylko z Klientami polskimi, ale tak\u017ce z kraj\u00f3w takich jak Szwecja, Norwegia, Holandia, Niemcy, Szwajcaria, Austria, Rosja, USA. Wielu z tych Klient\u00f3w docelowo wskazuje [&hellip;]\" \/>\n<meta property=\"og:url\" content=\"https:\/\/termetal.pl\/en\/oferta\/cynkwanie\/ocynkownia-grudziadz\/\" \/>\n<meta property=\"og:site_name\" content=\"TERMETAL\" \/>\n<meta property=\"article:modified_time\" content=\"2024-06-26T09:31:04+00:00\" \/>\n<meta name=\"twitter:label1\" content=\"Est. reading time\" \/>\n\t<meta name=\"twitter:data1\" content=\"1 minute\" \/>\n<script type=\"application\/ld+json\" class=\"yoast-schema-graph\">{\"@context\":\"https:\\\/\\\/schema.org\",\"@graph\":[{\"@type\":\"WebPage\",\"@id\":\"https:\\\/\\\/termetal.pl\\\/en\\\/oferta\\\/cynkwanie\\\/ocynkownia-grudziadz\\\/\",\"url\":\"https:\\\/\\\/termetal.pl\\\/en\\\/oferta\\\/cynkwanie\\\/ocynkownia-grudziadz\\\/\",\"name\":\"Ocynkownia Grudzi\u0105dz | TERMETAL\",\"isPartOf\":{\"@id\":\"https:\\\/\\\/termetal.pl\\\/ru\\\/#website\"},\"datePublished\":\"2015-04-29T13:21:13+00:00\",\"dateModified\":\"2024-06-26T09:31:04+00:00\",\"breadcrumb\":{\"@id\":\"https:\\\/\\\/termetal.pl\\\/en\\\/oferta\\\/cynkwanie\\\/ocynkownia-grudziadz\\\/#breadcrumb\"},\"inLanguage\":\"en-US\",\"potentialAction\":[{\"@type\":\"ReadAction\",\"target\":[\"https:\\\/\\\/termetal.pl\\\/en\\\/oferta\\\/cynkwanie\\\/ocynkownia-grudziadz\\\/\"]}]},{\"@type\":\"BreadcrumbList\",\"@id\":\"https:\\\/\\\/termetal.pl\\\/en\\\/oferta\\\/cynkwanie\\\/ocynkownia-grudziadz\\\/#breadcrumb\",\"itemListElement\":[{\"@type\":\"ListItem\",\"position\":1,\"name\":\"Strona g\u0142\u00f3wna\",\"item\":\"https:\\\/\\\/termetal.pl\\\/ru\\\/\"},{\"@type\":\"ListItem\",\"position\":2,\"name\":\"Offer\",\"item\":\"https:\\\/\\\/termetal.pl\\\/oferta\\\/\"},{\"@type\":\"ListItem\",\"position\":3,\"name\":\"GALVANISATION\",\"item\":\"https:\\\/\\\/termetal.pl\\\/oferta\\\/cynkwanie\\\/\"},{\"@type\":\"ListItem\",\"position\":4,\"name\":\"Ocynkownia Grudzi\u0105dz\"}]},{\"@type\":\"WebSite\",\"@id\":\"https:\\\/\\\/termetal.pl\\\/ru\\\/#website\",\"url\":\"https:\\\/\\\/termetal.pl\\\/ru\\\/\",\"name\":\"TERMETAL\",\"description\":\"termetal\",\"potentialAction\":[{\"@type\":\"SearchAction\",\"target\":{\"@type\":\"EntryPoint\",\"urlTemplate\":\"https:\\\/\\\/termetal.pl\\\/ru\\\/?s={search_term_string}\"},\"query-input\":{\"@type\":\"PropertyValueSpecification\",\"valueRequired\":true,\"valueName\":\"search_term_string\"}}],\"inLanguage\":\"en-US\"}]}<\/script>\n<!-- \/ Yoast SEO plugin. -->","yoast_head_json":{"title":"Ocynkownia Grudzi\u0105dz | TERMETAL","robots":{"index":"index","follow":"follow","max-snippet":"max-snippet:-1","max-image-preview":"max-image-preview:large","max-video-preview":"max-video-preview:-1"},"canonical":"https:\/\/termetal.pl\/en\/oferta\/cynkwanie\/ocynkownia-grudziadz\/","og_locale":"en_US","og_type":"article","og_title":"Ocynkownia Grudzi\u0105dz | TERMETAL","og_description":"Kontakt Ocynkownia w Grudzi\u0105dzu rozpocz\u0119\u0142a dzia\u0142alno\u015b\u0107 w 2008r. Od tego czasu wyrobi\u0142a sobie znakomit\u0105 mark\u0119 u swoich Klient\u00f3w. Dba\u0142o\u015b\u0107 o profesjonaln\u0105 obs\u0142ug\u0119, znakomity serwis oraz pierwszorz\u0119dn\u0105 jako\u015b\u0107, zaowocowa\u0142o regularnymi kontraktami nie tylko z Klientami polskimi, ale tak\u017ce z kraj\u00f3w takich jak Szwecja, Norwegia, Holandia, Niemcy, Szwajcaria, Austria, Rosja, USA. Wielu z tych Klient\u00f3w docelowo wskazuje [&hellip;]","og_url":"https:\/\/termetal.pl\/en\/oferta\/cynkwanie\/ocynkownia-grudziadz\/","og_site_name":"TERMETAL","article_modified_time":"2024-06-26T09:31:04+00:00","twitter_misc":{"Est. reading time":"1 minute"},"schema":{"@context":"https:\/\/schema.org","@graph":[{"@type":"WebPage","@id":"https:\/\/termetal.pl\/en\/oferta\/cynkwanie\/ocynkownia-grudziadz\/","url":"https:\/\/termetal.pl\/en\/oferta\/cynkwanie\/ocynkownia-grudziadz\/","name":"Ocynkownia Grudzi\u0105dz | TERMETAL","isPartOf":{"@id":"https:\/\/termetal.pl\/ru\/#website"},"datePublished":"2015-04-29T13:21:13+00:00","dateModified":"2024-06-26T09:31:04+00:00","breadcrumb":{"@id":"https:\/\/termetal.pl\/en\/oferta\/cynkwanie\/ocynkownia-grudziadz\/#breadcrumb"},"inLanguage":"en-US","potentialAction":[{"@type":"ReadAction","target":["https:\/\/termetal.pl\/en\/oferta\/cynkwanie\/ocynkownia-grudziadz\/"]}]},{"@type":"BreadcrumbList","@id":"https:\/\/termetal.pl\/en\/oferta\/cynkwanie\/ocynkownia-grudziadz\/#breadcrumb","itemListElement":[{"@type":"ListItem","position":1,"name":"Strona g\u0142\u00f3wna","item":"https:\/\/termetal.pl\/ru\/"},{"@type":"ListItem","position":2,"name":"Offer","item":"https:\/\/termetal.pl\/oferta\/"},{"@type":"ListItem","position":3,"name":"GALVANISATION","item":"https:\/\/termetal.pl\/oferta\/cynkwanie\/"},{"@type":"ListItem","position":4,"name":"Ocynkownia Grudzi\u0105dz"}]},{"@type":"WebSite","@id":"https:\/\/termetal.pl\/ru\/#website","url":"https:\/\/termetal.pl\/ru\/","name":"TERMETAL","description":"termetal","potentialAction":[{"@type":"SearchAction","target":{"@type":"EntryPoint","urlTemplate":"https:\/\/termetal.pl\/ru\/?s={search_term_string}"},"query-input":{"@type":"PropertyValueSpecification","valueRequired":true,"valueName":"search_term_string"}}],"inLanguage":"en-US"}]}},"_links":{"self":[{"href":"https:\/\/termetal.pl\/en\/wp-json\/wp\/v2\/pages\/997","targetHints":{"allow":["GET"]}}],"collection":[{"href":"https:\/\/termetal.pl\/en\/wp-json\/wp\/v2\/pages"}],"about":[{"href":"https:\/\/termetal.pl\/en\/wp-json\/wp\/v2\/types\/page"}],"author":[{"embeddable":true,"href":"https:\/\/termetal.pl\/en\/wp-json\/wp\/v2\/users\/1"}],"replies":[{"embeddable":true,"href":"https:\/\/termetal.pl\/en\/wp-json\/wp\/v2\/comments?post=997"}],"version-history":[{"count":5,"href":"https:\/\/termetal.pl\/en\/wp-json\/wp\/v2\/pages\/997\/revisions"}],"predecessor-version":[{"id":5500,"href":"https:\/\/termetal.pl\/en\/wp-json\/wp\/v2\/pages\/997\/revisions\/5500"}],"up":[{"embeddable":true,"href":"https:\/\/termetal.pl\/en\/wp-json\/wp\/v2\/pages\/996"}],"wp:attachment":[{"href":"https:\/\/termetal.pl\/en\/wp-json\/wp\/v2\/media?parent=997"}],"curies":[{"name":"wp","href":"https:\/\/api.w.org\/{rel}","templated":true}]}}