{"id":1532,"date":"2016-09-30T13:26:37","date_gmt":"2016-09-30T11:26:37","guid":{"rendered":"http:\/\/termetal.pl\/en\/oferta-2\/kraty-wciskane\/rodzaje-oczek\/"},"modified":"2017-06-06T12:29:21","modified_gmt":"2017-06-06T10:29:21","slug":"rodzaje-oczek","status":"publish","type":"page","link":"https:\/\/termetal.pl\/en\/oferta\/kraty-wciskane\/rodzaje-oczek\/","title":{"rendered":"Rodzaje oczek"},"content":{"rendered":"<p>Stosowany w kratach prasowanych podzia\u0142 oczek podano poni\u017cej:<\/p>\n<p><a class=\"img50\" href=\"http:\/\/termetal.pl\/wp-content\/uploads\/2016\/09\/tab_modul.jpg\" data-rel=\"lightbox-image-0\" data-rl_title=\"\" data-rl_caption=\"\" title=\"\"><img loading=\"lazy\" decoding=\"async\" class=\"  alignnone wp-image-2212\" src=\"http:\/\/termetal.pl\/wp-content\/uploads\/2016\/09\/tab_modul-1024x547.jpg\" alt=\"tab_modul\" width=\"600\" height=\"321\" srcset=\"https:\/\/termetal.pl\/wp-content\/uploads\/2016\/09\/tab_modul-1024x547.jpg 1024w, https:\/\/termetal.pl\/wp-content\/uploads\/2016\/09\/tab_modul-300x160.jpg 300w, https:\/\/termetal.pl\/wp-content\/uploads\/2016\/09\/tab_modul.jpg 1200w\" sizes=\"auto, (max-width: 600px) 100vw, 600px\" \/><\/a><\/p>\n<p>gdzie: a &#8211; rozstaw osiowy p\u0142askownik\u00f3w no\u015bnych, b &#8211; rozstaw osiowy p\u0142askownik\u00f3w poprzecznych.<\/p>\n<p>Mo\u017cliwe jest r\u00f3wnie\u017c wykonanie krat pomostowych i stopni schod\u00f3w prasowanych TERMETAL w module innym ni\u017c okre\u015blone modu\u0142y podstawowe z zachowaniem wielokrotno\u015bci wymiaru 11,1 mm.<\/p>\n<p>&nbsp;<\/p>\n<p class=\"\"><span class=\"\">Rys. 1. Asortyment krat pomostowych prasowanych TERMETAL z uwagi na wielko\u015b\u0107 oczka <\/span><\/p>\n<p class=\"\"><img loading=\"lazy\" decoding=\"async\" class=\"alignnone wp-image-1212 size-thumbnail-img50 img50\" src=\"http:\/\/termetal.pl\/wp-content\/uploads\/2016\/09\/rys_1-380x236.jpg\" alt=\"rys_1\" width=\"380\" height=\"236\" \/><\/p>\n<p class=\"\"><span class=\"\">h \u2013 wysoko\u015b\u0107 p\u0142askownika no\u015bnego<br \/>\ng &#8211; grubo\u015b\u0107 p\u0142askownika no\u015bnego<br \/>\nh1 &#8211; wysoko\u015b\u0107 p\u0142askownika poprzecznego<br \/>\ng1 &#8211; grubo\u015b\u0107 p\u0142askownika poprzecznego <\/span><\/p>\n<p class=\"\"><span class=\"\">Rys. 2. Krata pomostowa<\/span><\/p>\n<p class=\"\"><img loading=\"lazy\" decoding=\"async\" class=\"alignnone size-thumbnail-img50 wp-image-1213 img50\" src=\"http:\/\/termetal.pl\/wp-content\/uploads\/2016\/09\/rys_2-380x236.jpg\" alt=\"rys_2\" width=\"380\" height=\"236\" \/><\/p>\n<p class=\"\"><span class=\"\"><br class=\"\" \/><\/span>B &#8211; szeroko\u015b\u0107 kraty (p\u0142askownik poprzeczny)<br \/>\nL &#8211; d\u0142ugo\u015b\u0107 kraty (p\u0142askownik no\u015bny)<br \/>\nh &#8211; wysoko\u015b\u0107 p\u0142askownik\u00f3w no\u015bnych<\/p>\n<p class=\"\"><a class=\"img50\" href=\"http:\/\/termetal.pl\/wp-content\/uploads\/2016\/09\/rodzaje_oczek_2.jpg\" data-rel=\"lightbox-image-1\" data-rl_title=\"\" data-rl_caption=\"\" title=\"\"><img loading=\"lazy\" decoding=\"async\" class=\"alignnone wp-image-1296 size-thumbnail-img50\" src=\"http:\/\/termetal.pl\/wp-content\/uploads\/2016\/09\/rodzaje_oczek_2-380x236.jpg\" alt=\"rodzaje_oczek_2\" width=\"380\" height=\"236\" \/><\/a> <a class=\"img50\" href=\"http:\/\/termetal.pl\/wp-content\/uploads\/2016\/09\/rodzaje_oczek.jpg\" data-rel=\"lightbox-image-2\" data-rl_title=\"\" data-rl_caption=\"\" title=\"\"><img loading=\"lazy\" decoding=\"async\" class=\"alignnone wp-image-1297 size-thumbnail-img50\" src=\"http:\/\/termetal.pl\/wp-content\/uploads\/2016\/09\/rodzaje_oczek-380x236.jpg\" alt=\"rodzaje_oczek\" width=\"380\" height=\"236\" \/><\/a><\/p>\n","protected":false},"excerpt":{"rendered":"<p>Stosowany w kratach prasowanych podzia\u0142 oczek podano poni\u017cej: gdzie: a &#8211; rozstaw osiowy p\u0142askownik\u00f3w no\u015bnych, b &#8211; rozstaw osiowy p\u0142askownik\u00f3w poprzecznych. Mo\u017cliwe jest r\u00f3wnie\u017c wykonanie krat pomostowych i stopni schod\u00f3w prasowanych TERMETAL w module innym ni\u017c okre\u015blone modu\u0142y podstawowe z zachowaniem wielokrotno\u015bci wymiaru 11,1 mm. &nbsp; Rys. 1. Asortyment krat pomostowych prasowanych TERMETAL z uwagi [&hellip;]<\/p>\n","protected":false},"author":1,"featured_media":0,"parent":1034,"menu_order":4,"comment_status":"open","ping_status":"open","template":"","meta":{"_acf_changed":false,"footnotes":""},"class_list":["post-1532","page","type-page","status-publish","hentry"],"acf":[],"yoast_head":"<!-- This site is optimized with the Yoast SEO plugin v27.3 - https:\/\/yoast.com\/product\/yoast-seo-wordpress\/ -->\n<title>Rodzaje oczek | TERMETAL<\/title>\n<meta name=\"robots\" content=\"index, follow, max-snippet:-1, max-image-preview:large, max-video-preview:-1\" \/>\n<link rel=\"canonical\" href=\"https:\/\/termetal.pl\/en\/oferta\/kraty-wciskane\/rodzaje-oczek\/\" \/>\n<meta property=\"og:locale\" content=\"en_US\" \/>\n<meta property=\"og:type\" content=\"article\" \/>\n<meta property=\"og:title\" content=\"Rodzaje oczek | TERMETAL\" \/>\n<meta property=\"og:description\" content=\"Stosowany w kratach prasowanych podzia\u0142 oczek podano poni\u017cej: gdzie: a &#8211; rozstaw osiowy p\u0142askownik\u00f3w no\u015bnych, b &#8211; rozstaw osiowy p\u0142askownik\u00f3w poprzecznych. Mo\u017cliwe jest r\u00f3wnie\u017c wykonanie krat pomostowych i stopni schod\u00f3w prasowanych TERMETAL w module innym ni\u017c okre\u015blone modu\u0142y podstawowe z zachowaniem wielokrotno\u015bci wymiaru 11,1 mm. &nbsp; Rys. 1. Asortyment krat pomostowych prasowanych TERMETAL z uwagi [&hellip;]\" \/>\n<meta property=\"og:url\" content=\"https:\/\/termetal.pl\/en\/oferta\/kraty-wciskane\/rodzaje-oczek\/\" \/>\n<meta property=\"og:site_name\" content=\"TERMETAL\" \/>\n<meta property=\"article:modified_time\" content=\"2017-06-06T10:29:21+00:00\" \/>\n<meta property=\"og:image\" content=\"http:\/\/termetal.pl\/wp-content\/uploads\/2016\/09\/tab_modul-1024x547.jpg\" \/>\n<meta name=\"twitter:label1\" content=\"Est. reading time\" \/>\n\t<meta name=\"twitter:data1\" content=\"1 minute\" \/>\n<script type=\"application\/ld+json\" class=\"yoast-schema-graph\">{\"@context\":\"https:\\\/\\\/schema.org\",\"@graph\":[{\"@type\":\"WebPage\",\"@id\":\"https:\\\/\\\/termetal.pl\\\/en\\\/oferta\\\/kraty-wciskane\\\/rodzaje-oczek\\\/\",\"url\":\"https:\\\/\\\/termetal.pl\\\/en\\\/oferta\\\/kraty-wciskane\\\/rodzaje-oczek\\\/\",\"name\":\"Rodzaje oczek | TERMETAL\",\"isPartOf\":{\"@id\":\"https:\\\/\\\/termetal.pl\\\/ru\\\/#website\"},\"primaryImageOfPage\":{\"@id\":\"https:\\\/\\\/termetal.pl\\\/en\\\/oferta\\\/kraty-wciskane\\\/rodzaje-oczek\\\/#primaryimage\"},\"image\":{\"@id\":\"https:\\\/\\\/termetal.pl\\\/en\\\/oferta\\\/kraty-wciskane\\\/rodzaje-oczek\\\/#primaryimage\"},\"thumbnailUrl\":\"http:\\\/\\\/termetal.pl\\\/wp-content\\\/uploads\\\/2016\\\/09\\\/tab_modul-1024x547.jpg\",\"datePublished\":\"2016-09-30T11:26:37+00:00\",\"dateModified\":\"2017-06-06T10:29:21+00:00\",\"breadcrumb\":{\"@id\":\"https:\\\/\\\/termetal.pl\\\/en\\\/oferta\\\/kraty-wciskane\\\/rodzaje-oczek\\\/#breadcrumb\"},\"inLanguage\":\"en-US\",\"potentialAction\":[{\"@type\":\"ReadAction\",\"target\":[\"https:\\\/\\\/termetal.pl\\\/en\\\/oferta\\\/kraty-wciskane\\\/rodzaje-oczek\\\/\"]}]},{\"@type\":\"ImageObject\",\"inLanguage\":\"en-US\",\"@id\":\"https:\\\/\\\/termetal.pl\\\/en\\\/oferta\\\/kraty-wciskane\\\/rodzaje-oczek\\\/#primaryimage\",\"url\":\"http:\\\/\\\/termetal.pl\\\/wp-content\\\/uploads\\\/2016\\\/09\\\/tab_modul-1024x547.jpg\",\"contentUrl\":\"http:\\\/\\\/termetal.pl\\\/wp-content\\\/uploads\\\/2016\\\/09\\\/tab_modul-1024x547.jpg\"},{\"@type\":\"BreadcrumbList\",\"@id\":\"https:\\\/\\\/termetal.pl\\\/en\\\/oferta\\\/kraty-wciskane\\\/rodzaje-oczek\\\/#breadcrumb\",\"itemListElement\":[{\"@type\":\"ListItem\",\"position\":1,\"name\":\"Strona g\u0142\u00f3wna\",\"item\":\"https:\\\/\\\/termetal.pl\\\/ru\\\/\"},{\"@type\":\"ListItem\",\"position\":2,\"name\":\"Offer\",\"item\":\"https:\\\/\\\/termetal.pl\\\/oferta\\\/\"},{\"@type\":\"ListItem\",\"position\":3,\"name\":\"PRESSED GRATINGS\",\"item\":\"https:\\\/\\\/termetal.pl\\\/oferta\\\/kraty-wciskane\\\/\"},{\"@type\":\"ListItem\",\"position\":4,\"name\":\"Rodzaje oczek\"}]},{\"@type\":\"WebSite\",\"@id\":\"https:\\\/\\\/termetal.pl\\\/ru\\\/#website\",\"url\":\"https:\\\/\\\/termetal.pl\\\/ru\\\/\",\"name\":\"TERMETAL\",\"description\":\"termetal\",\"potentialAction\":[{\"@type\":\"SearchAction\",\"target\":{\"@type\":\"EntryPoint\",\"urlTemplate\":\"https:\\\/\\\/termetal.pl\\\/ru\\\/?s={search_term_string}\"},\"query-input\":{\"@type\":\"PropertyValueSpecification\",\"valueRequired\":true,\"valueName\":\"search_term_string\"}}],\"inLanguage\":\"en-US\"}]}<\/script>\n<!-- \/ Yoast SEO plugin. -->","yoast_head_json":{"title":"Rodzaje oczek | TERMETAL","robots":{"index":"index","follow":"follow","max-snippet":"max-snippet:-1","max-image-preview":"max-image-preview:large","max-video-preview":"max-video-preview:-1"},"canonical":"https:\/\/termetal.pl\/en\/oferta\/kraty-wciskane\/rodzaje-oczek\/","og_locale":"en_US","og_type":"article","og_title":"Rodzaje oczek | TERMETAL","og_description":"Stosowany w kratach prasowanych podzia\u0142 oczek podano poni\u017cej: gdzie: a &#8211; rozstaw osiowy p\u0142askownik\u00f3w no\u015bnych, b &#8211; rozstaw osiowy p\u0142askownik\u00f3w poprzecznych. Mo\u017cliwe jest r\u00f3wnie\u017c wykonanie krat pomostowych i stopni schod\u00f3w prasowanych TERMETAL w module innym ni\u017c okre\u015blone modu\u0142y podstawowe z zachowaniem wielokrotno\u015bci wymiaru 11,1 mm. &nbsp; Rys. 1. Asortyment krat pomostowych prasowanych TERMETAL z uwagi [&hellip;]","og_url":"https:\/\/termetal.pl\/en\/oferta\/kraty-wciskane\/rodzaje-oczek\/","og_site_name":"TERMETAL","article_modified_time":"2017-06-06T10:29:21+00:00","og_image":[{"url":"http:\/\/termetal.pl\/wp-content\/uploads\/2016\/09\/tab_modul-1024x547.jpg","type":"","width":"","height":""}],"twitter_misc":{"Est. reading time":"1 minute"},"schema":{"@context":"https:\/\/schema.org","@graph":[{"@type":"WebPage","@id":"https:\/\/termetal.pl\/en\/oferta\/kraty-wciskane\/rodzaje-oczek\/","url":"https:\/\/termetal.pl\/en\/oferta\/kraty-wciskane\/rodzaje-oczek\/","name":"Rodzaje oczek | TERMETAL","isPartOf":{"@id":"https:\/\/termetal.pl\/ru\/#website"},"primaryImageOfPage":{"@id":"https:\/\/termetal.pl\/en\/oferta\/kraty-wciskane\/rodzaje-oczek\/#primaryimage"},"image":{"@id":"https:\/\/termetal.pl\/en\/oferta\/kraty-wciskane\/rodzaje-oczek\/#primaryimage"},"thumbnailUrl":"http:\/\/termetal.pl\/wp-content\/uploads\/2016\/09\/tab_modul-1024x547.jpg","datePublished":"2016-09-30T11:26:37+00:00","dateModified":"2017-06-06T10:29:21+00:00","breadcrumb":{"@id":"https:\/\/termetal.pl\/en\/oferta\/kraty-wciskane\/rodzaje-oczek\/#breadcrumb"},"inLanguage":"en-US","potentialAction":[{"@type":"ReadAction","target":["https:\/\/termetal.pl\/en\/oferta\/kraty-wciskane\/rodzaje-oczek\/"]}]},{"@type":"ImageObject","inLanguage":"en-US","@id":"https:\/\/termetal.pl\/en\/oferta\/kraty-wciskane\/rodzaje-oczek\/#primaryimage","url":"http:\/\/termetal.pl\/wp-content\/uploads\/2016\/09\/tab_modul-1024x547.jpg","contentUrl":"http:\/\/termetal.pl\/wp-content\/uploads\/2016\/09\/tab_modul-1024x547.jpg"},{"@type":"BreadcrumbList","@id":"https:\/\/termetal.pl\/en\/oferta\/kraty-wciskane\/rodzaje-oczek\/#breadcrumb","itemListElement":[{"@type":"ListItem","position":1,"name":"Strona g\u0142\u00f3wna","item":"https:\/\/termetal.pl\/ru\/"},{"@type":"ListItem","position":2,"name":"Offer","item":"https:\/\/termetal.pl\/oferta\/"},{"@type":"ListItem","position":3,"name":"PRESSED GRATINGS","item":"https:\/\/termetal.pl\/oferta\/kraty-wciskane\/"},{"@type":"ListItem","position":4,"name":"Rodzaje oczek"}]},{"@type":"WebSite","@id":"https:\/\/termetal.pl\/ru\/#website","url":"https:\/\/termetal.pl\/ru\/","name":"TERMETAL","description":"termetal","potentialAction":[{"@type":"SearchAction","target":{"@type":"EntryPoint","urlTemplate":"https:\/\/termetal.pl\/ru\/?s={search_term_string}"},"query-input":{"@type":"PropertyValueSpecification","valueRequired":true,"valueName":"search_term_string"}}],"inLanguage":"en-US"}]}},"_links":{"self":[{"href":"https:\/\/termetal.pl\/en\/wp-json\/wp\/v2\/pages\/1532","targetHints":{"allow":["GET"]}}],"collection":[{"href":"https:\/\/termetal.pl\/en\/wp-json\/wp\/v2\/pages"}],"about":[{"href":"https:\/\/termetal.pl\/en\/wp-json\/wp\/v2\/types\/page"}],"author":[{"embeddable":true,"href":"https:\/\/termetal.pl\/en\/wp-json\/wp\/v2\/users\/1"}],"replies":[{"embeddable":true,"href":"https:\/\/termetal.pl\/en\/wp-json\/wp\/v2\/comments?post=1532"}],"version-history":[{"count":9,"href":"https:\/\/termetal.pl\/en\/wp-json\/wp\/v2\/pages\/1532\/revisions"}],"predecessor-version":[{"id":2226,"href":"https:\/\/termetal.pl\/en\/wp-json\/wp\/v2\/pages\/1532\/revisions\/2226"}],"up":[{"embeddable":true,"href":"https:\/\/termetal.pl\/en\/wp-json\/wp\/v2\/pages\/1034"}],"wp:attachment":[{"href":"https:\/\/termetal.pl\/en\/wp-json\/wp\/v2\/media?parent=1532"}],"curies":[{"name":"wp","href":"https:\/\/api.w.org\/{rel}","templated":true}]}}