{"id":1030,"date":"2015-04-23T16:12:33","date_gmt":"2015-04-23T14:12:33","guid":{"rendered":"http:\/\/termetal.pl\/en\/oferta-2\/oferta\/ukladanie-krat\/"},"modified":"2017-06-07T11:06:16","modified_gmt":"2017-06-07T09:06:16","slug":"ukladanie-krat","status":"publish","type":"page","link":"https:\/\/termetal.pl\/en\/oferta\/kraty-pomostowe\/ukladanie-krat\/","title":{"rendered":"Grating laying"},"content":{"rendered":"<h3>Choosing grating width<\/h3>\n<p>In order to lower the costs of platform gratings, it is recommended to use a module of a width of B=1000. Then\u00a0the largest possible surface of the platform should be covered with this module. The width of the final grating\u00a0needed to cover the whole surface, should be calculated as a result of the previous activity. Using methods of\u00a0averaging and unification of the width of the grating results in increased costs of covering the whole surface.<\/p>\n<h3>Grating support<\/h3>\n<p>When choosing grating support, the support\u00a0bearing bars should be laid down at a minimal\u00a0height of at least the height of the bearing bar,\u00a0which should not be lower than 30 mm (for\u00a0example, for flat bars of 20 and 25 mm).<\/p>\n<p>Fig. 13. Diagram of a platform grating support<\/p>\n<p><a href=\"http:\/\/termetal.pl\/wp-content\/uploads\/2015\/04\/Rys-13-Schemat-podparcia-kraty-pomostowej_ENG.jpg\" data-rel=\"lightbox-image-0\" data-rl_title=\"\" data-rl_caption=\"\" title=\"\"><img loading=\"lazy\" decoding=\"async\" class=\"alignnone wp-image-2241 size-thumbnail-img50\" src=\"http:\/\/termetal.pl\/wp-content\/uploads\/2015\/04\/Rys-13-Schemat-podparcia-kraty-pomostowej_ENG-380x236.jpg\" alt=\"\" width=\"380\" height=\"236\" srcset=\"https:\/\/termetal.pl\/wp-content\/uploads\/2015\/04\/Rys-13-Schemat-podparcia-kraty-pomostowej_ENG-380x236.jpg 380w, https:\/\/termetal.pl\/wp-content\/uploads\/2015\/04\/Rys-13-Schemat-podparcia-kraty-pomostowej_ENG-300x187.jpg 300w, https:\/\/termetal.pl\/wp-content\/uploads\/2015\/04\/Rys-13-Schemat-podparcia-kraty-pomostowej_ENG-1024x637.jpg 1024w, https:\/\/termetal.pl\/wp-content\/uploads\/2015\/04\/Rys-13-Schemat-podparcia-kraty-pomostowej_ENG.jpg 1200w\" sizes=\"auto, (max-width: 380px) 100vw, 380px\" \/><\/a><\/p>\n<p>At the designing stage of the grating spacing, the\u00a0following should be borne in mind:<\/p>\n<ul>\n<li>The distance between the gratings should amount\u00a0to ~5 mm.<\/li>\n<\/ul>\n<p>Fig. 14. Diagram of grating spacing<\/p>\n<p><a href=\"http:\/\/termetal.pl\/wp-content\/uploads\/2015\/04\/Rys.-14.-Schemat-rozstawu-krat.jpg\" data-rel=\"lightbox-image-1\" data-rl_title=\"\" data-rl_caption=\"\" title=\"\"><img loading=\"lazy\" decoding=\"async\" class=\" wp-image-455 size-thumbnail-img50 alignnone\" src=\"http:\/\/termetal.pl\/wp-content\/uploads\/2015\/04\/Rys.-14.-Schemat-rozstawu-krat-380x236.jpg\" alt=\"Rys. 14. Schemat rozstawu krat\" width=\"380\" height=\"236\" srcset=\"https:\/\/termetal.pl\/wp-content\/uploads\/2015\/04\/Rys.-14.-Schemat-rozstawu-krat-380x236.jpg 380w, https:\/\/termetal.pl\/wp-content\/uploads\/2015\/04\/Rys.-14.-Schemat-rozstawu-krat-300x187.jpg 300w, https:\/\/termetal.pl\/wp-content\/uploads\/2015\/04\/Rys.-14.-Schemat-rozstawu-krat-1024x637.jpg 1024w, https:\/\/termetal.pl\/wp-content\/uploads\/2015\/04\/Rys.-14.-Schemat-rozstawu-krat-1013x630.jpg 1013w, https:\/\/termetal.pl\/wp-content\/uploads\/2015\/04\/Rys.-14.-Schemat-rozstawu-krat-187x116.jpg 187w, https:\/\/termetal.pl\/wp-content\/uploads\/2015\/04\/Rys.-14.-Schemat-rozstawu-krat.jpg 1200w\" sizes=\"auto, (max-width: 380px) 100vw, 380px\" \/><\/a><\/p>\n<ul>\n<li>When laying down gratings on platforms, the\u00a0distance between a grating and the platform\u00a0edge should be around 10 mm.<\/li>\n<\/ul>\n<p>Fig. 15. Diagram showing the distance\u00a0between a grating and the platform edge<\/p>\n<p><a href=\"http:\/\/termetal.pl\/wp-content\/uploads\/2015\/04\/Rys.-15.-Schemat-przedstawiaj\u0105cy-odleg\u0142o\u015b\u0107-kraty-od-kraw\u0119dzi-pomostu.jpg\" data-rel=\"lightbox-image-2\" data-rl_title=\"\" data-rl_caption=\"\" title=\"\"><img loading=\"lazy\" decoding=\"async\" class=\"alignnone size-thumbnail-img50 wp-image-478\" src=\"http:\/\/termetal.pl\/wp-content\/uploads\/2015\/04\/Rys.-15.-Schemat-przedstawiaj\u0105cy-odleg\u0142o\u015b\u0107-kraty-od-kraw\u0119dzi-pomostu-380x236.jpg\" alt=\"Rys. 15. Schemat przedstawiaj\u0105cy odleg\u0142o\u015b\u0107 kraty od kraw\u0119dzi pomostu\" width=\"380\" height=\"236\" \/><\/a><\/p>\n<ul>\n<li>In addition, in places where technological\u00a0installations, such as bearing poles, pass through\u00a0the grating, the distance should also be ~10 mm.<\/li>\n<\/ul>\n<p>Fig. 16. Diagram showing a pole passing\u00a0through a grating<\/p>\n<p><a href=\"http:\/\/termetal.pl\/wp-content\/uploads\/2015\/04\/rys16.jpg\" data-rel=\"lightbox-image-3\" data-rl_title=\"\" data-rl_caption=\"\" title=\"\"><img loading=\"lazy\" decoding=\"async\" class=\"alignnone wp-image-836 size-thumbnail-img50\" src=\"http:\/\/termetal.pl\/wp-content\/uploads\/2015\/04\/rys16-380x236.jpg\" alt=\"\" width=\"380\" height=\"236\" srcset=\"https:\/\/termetal.pl\/wp-content\/uploads\/2015\/04\/rys16-380x236.jpg 380w, https:\/\/termetal.pl\/wp-content\/uploads\/2015\/04\/rys16-300x187.jpg 300w, https:\/\/termetal.pl\/wp-content\/uploads\/2015\/04\/rys16-1024x637.jpg 1024w, https:\/\/termetal.pl\/wp-content\/uploads\/2015\/04\/rys16.jpg 1200w\" sizes=\"auto, (max-width: 380px) 100vw, 380px\" \/><\/a><\/p>\n<p><strong><span style=\"color: #de0000;\">Worth knowing:<\/span>\u00a0It should be remembered that\u00a0gratings are normally made with\u00a0negative tolerance values<\/strong><\/p>\n<p>&nbsp;<\/p>\n","protected":false},"excerpt":{"rendered":"<p>Choosing grating width In order to lower the costs of platform gratings, it is recommended to use a module of a width of B=1000. Then\u00a0the largest possible surface of the platform should be covered with this module. The width of the final grating\u00a0needed to cover the whole surface, should be calculated as a result of [&hellip;]<\/p>\n","protected":false},"author":1,"featured_media":0,"parent":1008,"menu_order":0,"comment_status":"open","ping_status":"open","template":"","meta":{"_acf_changed":false,"footnotes":""},"class_list":["post-1030","page","type-page","status-publish","hentry"],"acf":[],"yoast_head":"<!-- This site is optimized with the Yoast SEO plugin v27.3 - https:\/\/yoast.com\/product\/yoast-seo-wordpress\/ -->\n<title>Grating laying | TERMETAL<\/title>\n<meta name=\"robots\" content=\"index, follow, max-snippet:-1, max-image-preview:large, max-video-preview:-1\" \/>\n<link rel=\"canonical\" href=\"https:\/\/termetal.pl\/oferta\/kraty-pomostowe\/ukladanie-krat\/\" \/>\n<meta property=\"og:locale\" content=\"en_US\" \/>\n<meta property=\"og:type\" content=\"article\" \/>\n<meta property=\"og:title\" content=\"Grating laying | TERMETAL\" \/>\n<meta property=\"og:description\" content=\"Choosing grating width In order to lower the costs of platform gratings, it is recommended to use a module of a width of B=1000. Then\u00a0the largest possible surface of the platform should be covered with this module. The width of the final grating\u00a0needed to cover the whole surface, should be calculated as a result of [&hellip;]\" \/>\n<meta property=\"og:url\" content=\"https:\/\/termetal.pl\/oferta\/kraty-pomostowe\/ukladanie-krat\/\" \/>\n<meta property=\"og:site_name\" content=\"TERMETAL\" \/>\n<meta property=\"article:modified_time\" content=\"2017-06-07T09:06:16+00:00\" \/>\n<meta property=\"og:image\" content=\"http:\/\/termetal.pl\/wp-content\/uploads\/2015\/04\/Rys-13-Schemat-podparcia-kraty-pomostowej_ENG-380x236.jpg\" \/>\n<meta name=\"twitter:label1\" content=\"Est. reading time\" \/>\n\t<meta name=\"twitter:data1\" content=\"1 minute\" \/>\n<script type=\"application\/ld+json\" class=\"yoast-schema-graph\">{\"@context\":\"https:\\\/\\\/schema.org\",\"@graph\":[{\"@type\":\"WebPage\",\"@id\":\"https:\\\/\\\/termetal.pl\\\/oferta\\\/kraty-pomostowe\\\/ukladanie-krat\\\/\",\"url\":\"https:\\\/\\\/termetal.pl\\\/oferta\\\/kraty-pomostowe\\\/ukladanie-krat\\\/\",\"name\":\"Grating laying | TERMETAL\",\"isPartOf\":{\"@id\":\"https:\\\/\\\/termetal.pl\\\/ru\\\/#website\"},\"primaryImageOfPage\":{\"@id\":\"https:\\\/\\\/termetal.pl\\\/oferta\\\/kraty-pomostowe\\\/ukladanie-krat\\\/#primaryimage\"},\"image\":{\"@id\":\"https:\\\/\\\/termetal.pl\\\/oferta\\\/kraty-pomostowe\\\/ukladanie-krat\\\/#primaryimage\"},\"thumbnailUrl\":\"http:\\\/\\\/termetal.pl\\\/wp-content\\\/uploads\\\/2015\\\/04\\\/Rys-13-Schemat-podparcia-kraty-pomostowej_ENG-380x236.jpg\",\"datePublished\":\"2015-04-23T14:12:33+00:00\",\"dateModified\":\"2017-06-07T09:06:16+00:00\",\"breadcrumb\":{\"@id\":\"https:\\\/\\\/termetal.pl\\\/oferta\\\/kraty-pomostowe\\\/ukladanie-krat\\\/#breadcrumb\"},\"inLanguage\":\"en-US\",\"potentialAction\":[{\"@type\":\"ReadAction\",\"target\":[\"https:\\\/\\\/termetal.pl\\\/oferta\\\/kraty-pomostowe\\\/ukladanie-krat\\\/\"]}]},{\"@type\":\"ImageObject\",\"inLanguage\":\"en-US\",\"@id\":\"https:\\\/\\\/termetal.pl\\\/oferta\\\/kraty-pomostowe\\\/ukladanie-krat\\\/#primaryimage\",\"url\":\"http:\\\/\\\/termetal.pl\\\/wp-content\\\/uploads\\\/2015\\\/04\\\/Rys-13-Schemat-podparcia-kraty-pomostowej_ENG-380x236.jpg\",\"contentUrl\":\"http:\\\/\\\/termetal.pl\\\/wp-content\\\/uploads\\\/2015\\\/04\\\/Rys-13-Schemat-podparcia-kraty-pomostowej_ENG-380x236.jpg\"},{\"@type\":\"BreadcrumbList\",\"@id\":\"https:\\\/\\\/termetal.pl\\\/oferta\\\/kraty-pomostowe\\\/ukladanie-krat\\\/#breadcrumb\",\"itemListElement\":[{\"@type\":\"ListItem\",\"position\":1,\"name\":\"Strona g\u0142\u00f3wna\",\"item\":\"https:\\\/\\\/termetal.pl\\\/ru\\\/\"},{\"@type\":\"ListItem\",\"position\":2,\"name\":\"Offer\",\"item\":\"https:\\\/\\\/termetal.pl\\\/oferta\\\/\"},{\"@type\":\"ListItem\",\"position\":3,\"name\":\"PLATFORM GRATINGS\",\"item\":\"https:\\\/\\\/termetal.pl\\\/en\\\/oferta\\\/kraty-pomostowe\\\/\"},{\"@type\":\"ListItem\",\"position\":4,\"name\":\"Grating laying\"}]},{\"@type\":\"WebSite\",\"@id\":\"https:\\\/\\\/termetal.pl\\\/ru\\\/#website\",\"url\":\"https:\\\/\\\/termetal.pl\\\/ru\\\/\",\"name\":\"TERMETAL\",\"description\":\"termetal\",\"potentialAction\":[{\"@type\":\"SearchAction\",\"target\":{\"@type\":\"EntryPoint\",\"urlTemplate\":\"https:\\\/\\\/termetal.pl\\\/ru\\\/?s={search_term_string}\"},\"query-input\":{\"@type\":\"PropertyValueSpecification\",\"valueRequired\":true,\"valueName\":\"search_term_string\"}}],\"inLanguage\":\"en-US\"}]}<\/script>\n<!-- \/ Yoast SEO plugin. -->","yoast_head_json":{"title":"Grating laying | TERMETAL","robots":{"index":"index","follow":"follow","max-snippet":"max-snippet:-1","max-image-preview":"max-image-preview:large","max-video-preview":"max-video-preview:-1"},"canonical":"https:\/\/termetal.pl\/oferta\/kraty-pomostowe\/ukladanie-krat\/","og_locale":"en_US","og_type":"article","og_title":"Grating laying | TERMETAL","og_description":"Choosing grating width In order to lower the costs of platform gratings, it is recommended to use a module of a width of B=1000. Then\u00a0the largest possible surface of the platform should be covered with this module. The width of the final grating\u00a0needed to cover the whole surface, should be calculated as a result of [&hellip;]","og_url":"https:\/\/termetal.pl\/oferta\/kraty-pomostowe\/ukladanie-krat\/","og_site_name":"TERMETAL","article_modified_time":"2017-06-07T09:06:16+00:00","og_image":[{"url":"http:\/\/termetal.pl\/wp-content\/uploads\/2015\/04\/Rys-13-Schemat-podparcia-kraty-pomostowej_ENG-380x236.jpg","type":"","width":"","height":""}],"twitter_misc":{"Est. reading time":"1 minute"},"schema":{"@context":"https:\/\/schema.org","@graph":[{"@type":"WebPage","@id":"https:\/\/termetal.pl\/oferta\/kraty-pomostowe\/ukladanie-krat\/","url":"https:\/\/termetal.pl\/oferta\/kraty-pomostowe\/ukladanie-krat\/","name":"Grating laying | TERMETAL","isPartOf":{"@id":"https:\/\/termetal.pl\/ru\/#website"},"primaryImageOfPage":{"@id":"https:\/\/termetal.pl\/oferta\/kraty-pomostowe\/ukladanie-krat\/#primaryimage"},"image":{"@id":"https:\/\/termetal.pl\/oferta\/kraty-pomostowe\/ukladanie-krat\/#primaryimage"},"thumbnailUrl":"http:\/\/termetal.pl\/wp-content\/uploads\/2015\/04\/Rys-13-Schemat-podparcia-kraty-pomostowej_ENG-380x236.jpg","datePublished":"2015-04-23T14:12:33+00:00","dateModified":"2017-06-07T09:06:16+00:00","breadcrumb":{"@id":"https:\/\/termetal.pl\/oferta\/kraty-pomostowe\/ukladanie-krat\/#breadcrumb"},"inLanguage":"en-US","potentialAction":[{"@type":"ReadAction","target":["https:\/\/termetal.pl\/oferta\/kraty-pomostowe\/ukladanie-krat\/"]}]},{"@type":"ImageObject","inLanguage":"en-US","@id":"https:\/\/termetal.pl\/oferta\/kraty-pomostowe\/ukladanie-krat\/#primaryimage","url":"http:\/\/termetal.pl\/wp-content\/uploads\/2015\/04\/Rys-13-Schemat-podparcia-kraty-pomostowej_ENG-380x236.jpg","contentUrl":"http:\/\/termetal.pl\/wp-content\/uploads\/2015\/04\/Rys-13-Schemat-podparcia-kraty-pomostowej_ENG-380x236.jpg"},{"@type":"BreadcrumbList","@id":"https:\/\/termetal.pl\/oferta\/kraty-pomostowe\/ukladanie-krat\/#breadcrumb","itemListElement":[{"@type":"ListItem","position":1,"name":"Strona g\u0142\u00f3wna","item":"https:\/\/termetal.pl\/ru\/"},{"@type":"ListItem","position":2,"name":"Offer","item":"https:\/\/termetal.pl\/oferta\/"},{"@type":"ListItem","position":3,"name":"PLATFORM GRATINGS","item":"https:\/\/termetal.pl\/en\/oferta\/kraty-pomostowe\/"},{"@type":"ListItem","position":4,"name":"Grating laying"}]},{"@type":"WebSite","@id":"https:\/\/termetal.pl\/ru\/#website","url":"https:\/\/termetal.pl\/ru\/","name":"TERMETAL","description":"termetal","potentialAction":[{"@type":"SearchAction","target":{"@type":"EntryPoint","urlTemplate":"https:\/\/termetal.pl\/ru\/?s={search_term_string}"},"query-input":{"@type":"PropertyValueSpecification","valueRequired":true,"valueName":"search_term_string"}}],"inLanguage":"en-US"}]}},"_links":{"self":[{"href":"https:\/\/termetal.pl\/en\/wp-json\/wp\/v2\/pages\/1030","targetHints":{"allow":["GET"]}}],"collection":[{"href":"https:\/\/termetal.pl\/en\/wp-json\/wp\/v2\/pages"}],"about":[{"href":"https:\/\/termetal.pl\/en\/wp-json\/wp\/v2\/types\/page"}],"author":[{"embeddable":true,"href":"https:\/\/termetal.pl\/en\/wp-json\/wp\/v2\/users\/1"}],"replies":[{"embeddable":true,"href":"https:\/\/termetal.pl\/en\/wp-json\/wp\/v2\/comments?post=1030"}],"version-history":[{"count":4,"href":"https:\/\/termetal.pl\/en\/wp-json\/wp\/v2\/pages\/1030\/revisions"}],"predecessor-version":[{"id":2243,"href":"https:\/\/termetal.pl\/en\/wp-json\/wp\/v2\/pages\/1030\/revisions\/2243"}],"up":[{"embeddable":true,"href":"https:\/\/termetal.pl\/en\/wp-json\/wp\/v2\/pages\/1008"}],"wp:attachment":[{"href":"https:\/\/termetal.pl\/en\/wp-json\/wp\/v2\/media?parent=1030"}],"curies":[{"name":"wp","href":"https:\/\/api.w.org\/{rel}","templated":true}]}}